{"id":3006,"date":"2015-04-12T11:55:42","date_gmt":"2015-04-12T11:55:42","guid":{"rendered":"https:\/\/www.edge-americas.com\/es\/?page_id=3006"},"modified":"2018-02-14T13:38:20","modified_gmt":"2018-02-14T13:38:20","slug":"home-2","status":"publish","type":"page","link":"https:\/\/www.edge-americas.com\/es\/","title":{"rendered":"Home"},"content":{"rendered":"<div id=\"k_row-RKOW\" class=\"section full wpb_row vc_row-fluid \" style=\"margin-bottom:0px; background-color:#923482; \"><div class=\"inner\" style=\"\">\n\t<div class=\"vc_span12 wpb_column column_container col\">\n\t\t<div class=\"wpb_wrapper \">\n\t\t\t<div class=\"kioken_spacer hidden-xs hidden-sm\" style=\"height:60px;\"><\/div>\n\t\t<\/div> \n\t<\/div> \n<\/div><\/div><div id=\"k_row-e394\" class=\"section wpb_row vc_row-fluid \" style=\"text-align:center; margin-bottom:0px; background-color:#923482; \"><div class=\"inner\" style=\"\"><div class=\"container\">\n\t<div class=\"vc_span4 wpb_column column_container col\">\n\t\t<div class=\"wpb_wrapper \">\n\t\t\t\n\t\t<\/div> \n\t<\/div> \n\n\t<div class=\"vc_span4 wpb_column column_container col\">\n\t\t<div class=\"wpb_wrapper \">\n\t\t\t<h2 class='custom_title call-small  k-animate call-small letterspaced_caps'  data-animation=\"zoomIn\" data-anim-target=\"self\" data-delay=\"100\" data-speed=\"800\" data-ease=\"easeInOutQuart\" style='color:#ffffff'>DESCUBRA EPA!<\/h2>\n\t\t<\/div> \n\t<\/div> \n\n\t<div class=\"vc_span4 wpb_column column_container col\">\n\t\t<div class=\"wpb_wrapper \">\n\t\t\t\n\t\t<\/div> \n\t<\/div> \n<\/div><\/div><\/div><div id=\"k_row-Reym\" class=\"section full wpb_row vc_row-fluid \" style=\"margin-bottom:0px; background-color:#923482; \"><div class=\"inner\" style=\"\">\n\t<div class=\"vc_span12 wpb_column column_container col\">\n\t\t<div class=\"wpb_wrapper \">\n\t\t\t<div class=\"kioken_spacer hidden-xs hidden-sm\" style=\"height:60px;\"><\/div>\n\t\t<\/div> \n\t<\/div> \n<\/div><\/div><div id=\"k_row-sdl1\" class=\"section full wpb_row vc_row-fluid \" style=\"margin-bottom:0px; background-color:#ffffff; \"><div class=\"inner\" style=\"\">\n\t<div class=\"vc_span12 wpb_column column_container col\">\n\t\t<div class=\"wpb_wrapper \">\n\t\t\t<div class=\"kioken_spacer hidden-xs hidden-sm\" style=\"height:60px;\"><\/div>\n\t\t<\/div> \n\t<\/div> \n<\/div><\/div><div id=\"k_row-VS2c\" class=\"section wpb_row vc_row-fluid \" style=\"text-align:center; margin-bottom:0px; background-color:#ffffff; \"><div class=\"inner\" style=\"\"><div class=\"container\">\n\t<div class=\"vc_span4 wpb_column column_container col\">\n\t\t<div class=\"wpb_wrapper \">\n\t\t\t\n\t\t<\/div> \n\t<\/div> \n\n\t<div class=\"vc_span4 wpb_column column_container col\">\n\t\t<div class=\"wpb_wrapper  k-animate\" data-animation=\"showUp\" data-anim-target=\"self\" data-speed=\"800\" data-ease=\"easeInOutQuart\" data-delay=\"100\">\n\t\t\t<h2 class='custom_title subtitulo  k-animate subtitulo default'  data-animation=\"zoomIn\" data-anim-target=\"self\" data-delay=\"100\" data-speed=\"800\" data-ease=\"easeInOutQuart\" style='color:#923482'>EPA!<\/h2>\n\t\t<\/div> \n\t<\/div> \n\n\t<div class=\"vc_span4 wpb_column column_container col\">\n\t\t<div class=\"wpb_wrapper \">\n\t\t\t\n\t\t<\/div> \n\t<\/div> \n<\/div><\/div><\/div><div id=\"k_row-3Fbt\" class=\"section full wpb_row vc_row-fluid \" style=\"margin-bottom:0px; background-color:#ffffff; \"><div class=\"inner\" style=\"\">\n\t<div class=\"vc_span12 wpb_column column_container col\">\n\t\t<div class=\"wpb_wrapper \">\n\t\t\t<div class=\"kioken_spacer hidden-xs hidden-sm\" style=\"height:40px;\"><\/div>\n\t\t<\/div> \n\t<\/div> \n<\/div><\/div><div id=\"k_row-3uwt\" class=\"section wpb_row vc_row-fluid \" style=\"text-align:center; margin-bottom:0px; background-color:#ffffff; \"><div class=\"inner\" style=\"\"><div class=\"container\">\n\t<div class=\"vc_span3 wpb_column column_container col\">\n\t\t<div class=\"wpb_wrapper \">\n\t\t\t\n\t\t<\/div> \n\t<\/div> \n\n\t<div class=\"vc_span6 wpb_column column_container col\">\n\t\t<div class=\"wpb_wrapper \">\n\t\t\t\n\t<div class=\"wpb_text_column wpb_content_element \">\n\t\t<div class=\"wpb_wrapper\">\n\t\t\t<p style=\"text-align: center; color: #923482; font-size: 15px; line-height: 26px; font-weight: 400;\">EPA! es la soluci\u00f3n novedosa y accesible de Edge Americas para la transmisi\u00f3n de contenidos en vivo y bajo demanda por Internet.<\/p>\n\n\t\t<\/div> \n\t<\/div> \n\t\t<\/div> \n\t<\/div> \n\n\t<div class=\"vc_span3 wpb_column column_container col\">\n\t\t<div class=\"wpb_wrapper \">\n\t\t\t\n\t\t<\/div> \n\t<\/div> \n<\/div><\/div><\/div><div id=\"k_row-rbaj\" class=\"section full wpb_row vc_row-fluid \" style=\"margin-bottom:0px; background-color:#ffffff; \"><div class=\"inner\" style=\"\">\n\t<div class=\"vc_span12 wpb_column column_container col\">\n\t\t<div class=\"wpb_wrapper \">\n\t\t\t<div class=\"kioken_spacer hidden-xs hidden-sm\" style=\"height:60px;\"><\/div>\n\t\t<\/div> \n\t<\/div> \n<\/div><\/div><div id=\"k_row-VZfa\" class=\"section wpb_row vc_row-fluid \" style=\"text-align:center; margin-bottom:0px; background-color:#ffffff; \"><div class=\"inner\" style=\"\"><div class=\"container\">\n\t<div class=\"vc_span2 wpb_column column_container col\">\n\t\t<div class=\"wpb_wrapper  k-animate\" data-animation=\"fadeInLeft\" data-anim-target=\"self\" data-speed=\"800\" data-ease=\"easeInOutQuart\" data-delay=\"100\">\n\t\t\t<div class=\"kioken_spacer hidden-xs hidden-sm\" style=\"height:100px;\"><\/div><h2 class='custom_title subtitulo-bullet txt_maincolor  subtitulo-bullet letterspaced_caps'>Contenido<\/h2><div class=\"blurb texto-bullet\"><div class=\"inner\">\n<div class=\"\" style=\"text-align: center;\">\n<div class=\"\">Porque desarrollamos cat\u00e1logos a medida para cada cliente, EPA! ofrece shows de TV y pel\u00edculas acordes a su estrategia de marca.<\/div>\n<\/div>\n<\/div><\/div>\n\t\t<\/div> \n\t<\/div> \n\n\t<div class=\"vc_span8 wpb_column column_container col\">\n\t\t<div class=\"wpb_wrapper \">\n\t\t\t<img class='k-animate '  data-animation=\"showUp\" data-anim-target=\"self\" data-delay=\"100\" data-speed=\"800\" data-ease=\"easeInOutQuart\" src='https:\/\/www.edge-americas.com\/es\/wp-content\/uploads\/2015\/04\/Epa-img-2.jpg' alt=''\/>\n\t\t<\/div> \n\t<\/div> \n\n\t<div class=\"vc_span2 wpb_column column_container col\">\n\t\t<div class=\"wpb_wrapper  k-animate\" data-animation=\"fadeInRight\" data-anim-target=\"self\" data-speed=\"800\" data-ease=\"easeInOutQuart\" data-delay=\"100\">\n\t\t\t<div class=\"kioken_spacer hidden-xs hidden-sm\" style=\"height:100px;\"><\/div><h2 class='custom_title subtitulo-bullet txt_maincolor  subtitulo-bullet letterspaced_caps'>Plataforma<\/h2><div class=\"blurb texto-bullet\"><div class=\"inner\">\n<div class=\"\" style=\"text-align: center;\">EPA! est\u00e1 construido sobre una plataforma poderosa acompa\u00f1ada de un set vers\u00e1til de aplicaciones que asegura un desempe\u00f1o \u00f3ptimo para todos los usuarios.<\/div>\n<\/div><\/div>\n\t\t<\/div> \n\t<\/div> \n<\/div><\/div><\/div><div id=\"k_row-2peU\" class=\"section full wpb_row vc_row-fluid \" style=\"margin-bottom:0px; background-color:#ffffff; \"><div class=\"inner\" style=\"\">\n\t<div class=\"vc_span12 wpb_column column_container col\">\n\t\t<div class=\"wpb_wrapper \">\n\t\t\t<div class=\"kioken_spacer hidden-xs hidden-sm\" style=\"height:60px;\"><\/div>\n\t\t<\/div> \n\t<\/div> \n<\/div><\/div><div id=\"k_row-DNg6\" class=\"section full wpb_row vc_row-fluid \" style=\"margin-bottom:0px; background-color:#a864a8; \"><div class=\"inner\" style=\"\">\n\t<div class=\"vc_span12 wpb_column column_container col\">\n\t\t<div class=\"wpb_wrapper \">\n\t\t\t<div class=\"kioken_spacer hidden-xs hidden-sm\" style=\"height:60px;\"><\/div>\n\t\t<\/div> \n\t<\/div> \n<\/div><\/div><div id=\"k_row-0C8V\" class=\"section wpb_row vc_row-fluid \" style=\"text-align:center; margin-bottom:0px; background-color:#a864a8; \"><div class=\"inner\" style=\"\"><div class=\"container\">\n\t<div class=\"vc_span4 wpb_column column_container col\">\n\t\t<div class=\"wpb_wrapper \">\n\t\t\t\n\t\t<\/div> \n\t<\/div> \n\n\t<div class=\"vc_span4 wpb_column column_container col\">\n\t\t<div class=\"wpb_wrapper  k-animate\" data-animation=\"zoomIn\" data-anim-target=\"self\" data-speed=\"800\" data-ease=\"easeInOutQuart\" data-delay=\"100\">\n\t\t\t<a class=\"vc_btn vc_btn_white vc_btn_lg vc_btn_outlined\" href=\"mailto:epa@edge-americas.com?subject=Request a demo\" title=\"\" target=\"\">\n    Solicite una Demo<\/a>\n\n\n\t\t<\/div> \n\t<\/div> \n\n\t<div class=\"vc_span4 wpb_column column_container col\">\n\t\t<div class=\"wpb_wrapper \">\n\t\t\t\n\t\t<\/div> \n\t<\/div> \n<\/div><\/div><\/div><div id=\"k_row-ua8y\" class=\"section full wpb_row vc_row-fluid \" style=\"margin-bottom:0px; background-color:#a864a8; \"><div class=\"inner\" style=\"\">\n\t<div class=\"vc_span12 wpb_column column_container col\">\n\t\t<div class=\"wpb_wrapper \">\n\t\t\t<div class=\"kioken_spacer hidden-xs hidden-sm\" style=\"height:30px;\"><\/div>\n\t\t<\/div> \n\t<\/div> \n<\/div><\/div><div id=\"k_row-Pk1S\" class=\"section wpb_row vc_row-fluid \" style=\"text-align:center; margin-bottom:0px; background-color:#a864a8; \"><div class=\"inner\" style=\"\"><div class=\"container\">\n\t<div class=\"vc_span4 wpb_column column_container col\">\n\t\t<div class=\"wpb_wrapper \">\n\t\t\t\n\t\t<\/div> \n\t<\/div> \n\n\t<div class=\"vc_span4 wpb_column column_container col\">\n\t\t<div class=\"wpb_wrapper \">\n\t\t\t<div class=\"blurb texto-blanco\"><div class=\"inner\">\n<div class=\"\" style=\"text-align: center;\">\n<div class=\"\">\n<div class=\"\">Contacte a nuestros especialistas y experimente EPA!<\/div>\n<\/div>\n<\/div>\n<\/div><\/div>\n\t\t<\/div> \n\t<\/div> \n\n\t<div class=\"vc_span4 wpb_column column_container col\">\n\t\t<div class=\"wpb_wrapper \">\n\t\t\t\n\t\t<\/div> \n\t<\/div> \n<\/div><\/div><\/div><div id=\"k_row-Pymg\" class=\"section full wpb_row vc_row-fluid \" style=\"margin-bottom:0px; background-color:#a864a8; \"><div class=\"inner\" style=\"\">\n\t<div class=\"vc_span12 wpb_column column_container col\">\n\t\t<div class=\"wpb_wrapper \">\n\t\t\t<div class=\"kioken_spacer hidden-xs hidden-sm\" style=\"height:60px;\"><\/div>\n\t\t<\/div> \n\t<\/div> \n<\/div><\/div><div id=\"k_row-JwAF\" class=\"section full wpb_row vc_row-fluid \" style=\"margin-bottom:0px; background-color:#163b5f; \"><div class=\"inner\" style=\"\">\n\t<div class=\"vc_span12 wpb_column column_container col\">\n\t\t<div class=\"wpb_wrapper \">\n\t\t\t<div class=\"kioken_spacer hidden-xs hidden-sm\" style=\"height:60px;\"><\/div>\n\t\t<\/div> \n\t<\/div> \n<\/div><\/div><div id=\"k_row-vPPx\" class=\"section wpb_row vc_row-fluid \" style=\"text-align:center; margin-bottom:0px; background-color:#163b5f; \"><div class=\"inner\" style=\"\"><div class=\"container\">\n\t<div class=\"vc_span12 wpb_column column_container col\">\n\t\t<div class=\"wpb_wrapper \">\n\t\t\t<h2 class='custom_title subtitulo-2  k-animate subtitulo-2 default'  data-animation=\"zoomIn\" data-anim-target=\"self\" data-delay=\"100\" data-speed=\"800\" data-ease=\"easeInOutQuart\" style='color:#ffffff'>EDGE AM\u00c9RICAS<\/h2>\n\t\t<\/div> \n\t<\/div> \n<\/div><\/div><\/div><div id=\"k_row-e4rS\" class=\"section full wpb_row vc_row-fluid \" style=\"margin-bottom:0px; background-color:#163b5f; \"><div class=\"inner\" style=\"\">\n\t<div class=\"vc_span12 wpb_column column_container col\">\n\t\t<div class=\"wpb_wrapper \">\n\t\t\t<div class=\"kioken_spacer hidden-xs hidden-sm\" style=\"height:60px;\"><\/div>\n\t\t<\/div> \n\t<\/div> \n<\/div><\/div><div id=\"k_row-RIZS\" class=\"section wpb_row vc_row-fluid \" style=\"text-align:center; margin-bottom:0px; background-color:#163b5f; \"><div class=\"inner\" style=\"\"><div class=\"container\">\n\t<div class=\"vc_span2 wpb_column column_container col\">\n\t\t<div class=\"wpb_wrapper \">\n\t\t\t\n\t\t<\/div> \n\t<\/div> \n\n\t<div class=\"vc_span8 wpb_column column_container col\">\n\t\t<div class=\"wpb_wrapper  k-animate\" data-animation=\"zoomIn\" data-anim-target=\"self\" data-speed=\"800\" data-ease=\"easeInOutQuart\" data-delay=\"100\">\n\t\t\t\n\t<div class=\"wpb_text_column wpb_content_element \">\n\t\t<div class=\"wpb_wrapper\">\n\t\t\t<p style=\"text-align: center; color: #fff; font-size: 15px; line-height: 26px; font-weight: 400;\">Edge es una compa\u00f1\u00eda tecnol\u00f3gica fundada en 2002 como proveedora de soluciones para la distribuci\u00f3n de contenidos en Internet, actuando como representante oficial para Latinoam\u00e9rica de Akamai, el l\u00edder mundial en CDNs. A trav\u00e9s de los a\u00f1os, Edge diversific\u00f3 sus servicios hasta convertirse en una de las principales empresas de la regi\u00f3n para transmisi\u00f3n de video en Internet.<\/p>\n\n\t\t<\/div> \n\t<\/div> \n\t\t<\/div> \n\t<\/div> \n\n\t<div class=\"vc_span2 wpb_column column_container col\">\n\t\t<div class=\"wpb_wrapper \">\n\t\t\t\n\t\t<\/div> \n\t<\/div> \n<\/div><\/div><\/div><div id=\"k_row-k7OP\" class=\"section full wpb_row vc_row-fluid \" style=\"margin-bottom:0px; background-color:#163b5f; \"><div class=\"inner\" style=\"\">\n\t<div class=\"vc_span12 wpb_column column_container col\">\n\t\t<div class=\"wpb_wrapper \">\n\t\t\t<div class=\"kioken_spacer hidden-xs hidden-sm\" style=\"height:90px;\"><\/div>\n\t\t<\/div> \n\t<\/div> \n<\/div><\/div><div id=\"k_row-hXn6\" class=\"section wpb_row vc_row-fluid \" style=\"text-align:center; margin-bottom:0px; background-color:#163b5f; \"><div class=\"inner\" style=\"\"><div class=\"container\">\n\t<div class=\"vc_span6 wpb_column column_container col\">\n\t\t<div class=\"wpb_wrapper \">\n\t\t\t<img class=' '   src='https:\/\/www.edge-americas.com\/es\/wp-content\/uploads\/2015\/04\/Avatar-Mario.png' alt=''\/><h2 class='custom_title titulo-team   titulo-team letterspaced_caps'   style='color:#ffffff'>Mario Mongini<\/h2><h2 class='custom_title subtitulo-team   subtitulo-team letterspaced_caps'   style='color:#ffffff'>Director ejecutivo de TCI Holding y fundador de Edge Technology<\/h2><div class=\"blurb texto-team\"><div class=\"inner\"><span class=\"\" lang=\"EN-US\">Tiene m\u00e1s de 30 a\u00f1os de experiencia en posiciones de management en compa\u00f1\u00edas como AT&amp;T e IBM, ocupando cargos regionales. Fund\u00f3 la compa\u00f1\u00eda en 2002.<\/span><\/div><\/div>\n\t\t<\/div> \n\t<\/div> \n\n\t<div class=\"vc_2\/2 wpb_column column_container col\">\n\t\t<div class=\"wpb_wrapper \">\n\t\t\t<img class=' '   src='https:\/\/www.edge-americas.com\/es\/wp-content\/uploads\/2015\/04\/Avatar-Sergio.png' alt=''\/><h2 class='custom_title titulo-team   titulo-team letterspaced_caps'   style='color:#ffffff'>Sergio Exner<\/h2><h2 class='custom_title subtitulo-team   subtitulo-team letterspaced_caps'   style='color:#ffffff'>CEO de Edge Technology<\/h2><div class=\"blurb texto-team\"><div class=\"inner\"><span class=\"\" lang=\"EN-US\">Posee una vasta experiencia en compa\u00f1\u00edas como IBM, AT&amp;T y Metrored. Es socio de la empresa desde 2008.<br \/>\n<\/span><\/div><\/div>\n\t\t<\/div> \n\t<\/div> \n<\/div><\/div><\/div><div id=\"k_row-hoZ6\" class=\"section full wpb_row vc_row-fluid \" style=\"margin-bottom:0px; background-color:#1c456c; \"><div class=\"inner\" style=\"\">\n\t<div class=\"vc_span12 wpb_column column_container col\">\n\t\t<div class=\"wpb_wrapper \">\n\t\t\t<div class=\"kioken_spacer hidden-xs hidden-sm\" style=\"height:60px;\"><\/div>\n\t\t<\/div> \n\t<\/div> \n<\/div><\/div><div id=\"k_row-XlnG\" class=\"section full wpb_row vc_row-fluid \" style=\"margin-bottom:0px; background-color:#254e76; \"><div class=\"inner\" style=\"\">\n\t<div class=\"vc_span12 wpb_column column_container col\">\n\t\t<div class=\"wpb_wrapper \">\n\t\t\t<div class=\"kioken_spacer hidden-xs hidden-sm\" style=\"height:60px;\"><\/div>\n\t\t<\/div> \n\t<\/div> \n<\/div><\/div><div id=\"k_row-RXln\" class=\"section wpb_row vc_row-fluid \" style=\"text-align:center; margin-bottom:0px; background-color:#254e76; \"><div class=\"inner\" style=\"\"><div class=\"container\">\n\t<div class=\"vc_span4 wpb_column column_container col\">\n\t\t<div class=\"wpb_wrapper \">\n\t\t\t\n\t\t<\/div> \n\t<\/div> \n\n\t<div class=\"vc_span4 wpb_column column_container col\">\n\t\t<div class=\"wpb_wrapper \">\n\t\t\t<h2 class='custom_title subtitulo-3  k-animate subtitulo-3 default'  data-animation=\"zoomIn\" data-anim-target=\"self\" data-delay=\"100\" data-speed=\"800\" data-ease=\"easeInOutQuart\" style='color:#ffffff'>PARTNERS<\/h2>\n\t\t<\/div> \n\t<\/div> \n\n\t<div class=\"vc_span4 wpb_column column_container col\">\n\t\t<div class=\"wpb_wrapper \">\n\t\t\t\n\t\t<\/div> \n\t<\/div> \n<\/div><\/div><\/div><div id=\"k_row-NbV2\" class=\"section wpb_row vc_row-fluid \" style=\"text-align:center; margin-bottom:0px; background-color:#254e76; \"><div class=\"inner\" style=\"\"><div class=\"container\">\n\t<div class=\"vc_span12 wpb_column column_container col\">\n\t\t<div class=\"wpb_wrapper \">\n\t\t\t<img class=' '   src='https:\/\/www.edge-americas.com\/es\/wp-content\/uploads\/2015\/04\/Partners-Home1.jpg' alt=''\/>\n\t\t<\/div> \n\t<\/div> \n<\/div><\/div><\/div><div id=\"k_row-gnV7\" class=\"section full wpb_row vc_row-fluid \" style=\"margin-bottom:0px; background-color:#254e76; \"><div class=\"inner\" style=\"\">\n\t<div class=\"vc_span12 wpb_column column_container col\">\n\t\t<div class=\"wpb_wrapper \">\n\t\t\t<div class=\"kioken_spacer hidden-xs hidden-sm\" style=\"height:60px;\"><\/div>\n\t\t<\/div> \n\t<\/div> \n<\/div><\/div>\n","protected":false},"excerpt":{"rendered":"DESCUBRA EPA! EPA! EPA! es la soluci\u00f3n novedosa y accesible de Edge Americas para la transmisi\u00f3n de contenidos en vivo y bajo demanda por Internet. Contenido Porque desarrollamos cat\u00e1logos a medida para cada cliente, EPA! ofrece shows de TV y pel\u00edculas acordes a su estrategia de marca. Plataforma EPA! est\u00e1 construido sobre una plataforma poderosa [...]","protected":false},"author":1,"featured_media":0,"parent":0,"menu_order":0,"comment_status":"open","ping_status":"open","template":"","meta":[],"_links":{"self":[{"href":"https:\/\/www.edge-americas.com\/es\/wp-json\/wp\/v2\/pages\/3006"}],"collection":[{"href":"https:\/\/www.edge-americas.com\/es\/wp-json\/wp\/v2\/pages"}],"about":[{"href":"https:\/\/www.edge-americas.com\/es\/wp-json\/wp\/v2\/types\/page"}],"author":[{"embeddable":true,"href":"https:\/\/www.edge-americas.com\/es\/wp-json\/wp\/v2\/users\/1"}],"replies":[{"embeddable":true,"href":"https:\/\/www.edge-americas.com\/es\/wp-json\/wp\/v2\/comments?post=3006"}],"version-history":[{"count":10,"href":"https:\/\/www.edge-americas.com\/es\/wp-json\/wp\/v2\/pages\/3006\/revisions"}],"predecessor-version":[{"id":3158,"href":"https:\/\/www.edge-americas.com\/es\/wp-json\/wp\/v2\/pages\/3006\/revisions\/3158"}],"wp:attachment":[{"href":"https:\/\/www.edge-americas.com\/es\/wp-json\/wp\/v2\/media?parent=3006"}],"curies":[{"name":"wp","href":"https:\/\/api.w.org\/{rel}","templated":true}]}}