{"id":3045,"date":"2015-04-07T15:12:53","date_gmt":"2015-04-07T15:12:53","guid":{"rendered":"https:\/\/www.edge-americas.com\/en\/?page_id=18"},"modified":"2015-04-28T12:35:31","modified_gmt":"2015-04-28T12:35:31","slug":"epa","status":"publish","type":"page","link":"https:\/\/www.edge-americas.com\/es\/epa\/","title":{"rendered":"Epa"},"content":{"rendered":"<div id=\"k_row-Ft3B\" class=\"section full wpb_row vc_row-fluid \" style=\"margin-bottom:0px; background-color:#ffffff; \"><div class=\"inner\" style=\"\">\n\t<div class=\"vc_span12 wpb_column column_container col\">\n\t\t<div class=\"wpb_wrapper \">\n\t\t\t<div class=\"kioken_spacer hidden-xs hidden-sm\" style=\"height:60px;\"><\/div>\n\t\t<\/div> \n\t<\/div> \n<\/div><\/div><div id=\"k_row-YM3Y\" class=\"section wpb_row vc_row-fluid \" style=\"text-align:center; margin-bottom:0px; background-color:#ffffff; \"><div class=\"inner\" style=\"\"><div class=\"container\">\n\t<div class=\"vc_span4 wpb_column column_container col\">\n\t\t<div class=\"wpb_wrapper \">\n\t\t\t\n\t\t<\/div> \n\t<\/div> \n\n\t<div class=\"vc_span4 wpb_column column_container col\">\n\t\t<div class=\"wpb_wrapper \">\n\t\t\t<h2 class='custom_title subtitulo  k-animate subtitulo default'  data-animation=\"zoomIn\" data-anim-target=\"self\" data-delay=\"100\" data-speed=\"800\" data-ease=\"easeInOutQuart\" style='color:#923482'>EPA!<\/h2>\n\t\t<\/div> \n\t<\/div> \n\n\t<div class=\"vc_span4 wpb_column column_container col\">\n\t\t<div class=\"wpb_wrapper \">\n\t\t\t\n\t\t<\/div> \n\t<\/div> \n<\/div><\/div><\/div><div id=\"k_row-FJOH\" class=\"section full wpb_row vc_row-fluid \" style=\"margin-bottom:0px; background-color:#ffffff; \"><div class=\"inner\" style=\"\">\n\t<div class=\"vc_span12 wpb_column column_container col\">\n\t\t<div class=\"wpb_wrapper \">\n\t\t\t<div class=\"kioken_spacer hidden-xs hidden-sm\" style=\"height:40px;\"><\/div>\n\t\t<\/div> \n\t<\/div> \n<\/div><\/div><div id=\"k_row-csTN\" class=\"section wpb_row vc_row-fluid \" style=\"text-align:center; margin-bottom:0px; background-color:#ffffff; \"><div class=\"inner\" style=\"\"><div class=\"container\">\n\t<div class=\"vc_span3 wpb_column column_container col\">\n\t\t<div class=\"wpb_wrapper \">\n\t\t\t\n\t\t<\/div> \n\t<\/div> \n\n\t<div class=\"vc_span6 wpb_column column_container col\">\n\t\t<div class=\"wpb_wrapper \">\n\t\t\t\n\t<div class=\"wpb_text_column wpb_content_element \">\n\t\t<div class=\"wpb_wrapper\">\n\t\t\t<p style=\"text-align: center; color: #923482; font-size: 15px; line-height: 26px; font-weight: 400;\">EPA! es la soluci\u00f3n novedosa y accesible de Edge Americas para la transmisi\u00f3n de contenidos en vivo y bajo demanda por Internet.<\/p>\n\n\t\t<\/div> \n\t<\/div> \n\t\t<\/div> \n\t<\/div> \n\n\t<div class=\"vc_span3 wpb_column column_container col\">\n\t\t<div class=\"wpb_wrapper \">\n\t\t\t\n\t\t<\/div> \n\t<\/div> \n<\/div><\/div><\/div><div id=\"k_row-whcJ\" class=\"section full wpb_row vc_row-fluid \" style=\"margin-bottom:0px; background-color:#ffffff; \"><div class=\"inner\" style=\"\">\n\t<div class=\"vc_span12 wpb_column column_container col\">\n\t\t<div class=\"wpb_wrapper \">\n\t\t\t<div class=\"kioken_spacer hidden-xs hidden-sm\" style=\"height:60px;\"><\/div>\n\t\t<\/div> \n\t<\/div> \n<\/div><\/div><div id=\"k_row-m64n\" class=\"section wpb_row vc_row-fluid \" style=\"text-align:center; background-image:url(https:\/\/www.edge-americas.com\/es\/wp-content\/uploads\/2015\/04\/bg-control1.jpg); background-repeat:repeat-x; background-size:auto; background-position:center center; margin-bottom:0px; background-color:#ffffff; \"><div class=\"inner\" style=\"\"><div class=\"container\">\n\t<div class=\"vc_span4 wpb_column column_container col\">\n\t\t<div class=\"wpb_wrapper  k-animate\" data-animation=\"fadeInLeft\" data-anim-target=\"self\" data-speed=\"800\" data-ease=\"easeInOutQuart\" data-delay=\"100\">\n\t\t\t<div id=\"k_row-mp\" class=\"section container \" style=\"text-align:; \"><div class=\"wpb_row vc_row-fluid\">\n\t<div class=\"vc_span12 wpb_column column_container col\">\n\t\t<div class=\"wpb_wrapper \">\n\t\t\t<div class=\"kioken_spacer hidden-xs hidden-sm\" style=\"height:100px;\"><\/div><div class=\"blurb texto-bullet-r\"><div class=\"icon-wrapper  \" style=\" margin-bottom:25px; text-align:right;#f9c80614px 15px \"><i style=\"color:#ac4a9c;\" class=\"fa fa-chain fa-2x\"><\/i><\/div><div class=\"inner\"><b>Alianzas fuertes<\/b>\n<p>Construimos puentes entre compa\u00f1\u00edas, productores de contenido y proveedores de tecnolog\u00eda para ejecutar su estrategia de negocio. <\/p><\/div><\/div>\n\t\t<\/div> \n\t<\/div> \n<\/div><\/div><div id=\"k_row-b6\" class=\"section container \" style=\"text-align:; \"><div class=\"wpb_row vc_row-fluid\">\n\t<div class=\"vc_span12 wpb_column column_container col\">\n\t\t<div class=\"wpb_wrapper \">\n\t\t\t<div class=\"kioken_spacer hidden-xs hidden-sm\" style=\"height:50px;\"><\/div><div class=\"blurb texto-bullet-r\"><div class=\"icon-wrapper  \" style=\" margin-bottom:25px; text-align:right;#f9c80614px 15px \"><i style=\"color:#ac4a9c;\" class=\"fa fa-magic fa-2x\"><\/i><\/div><div class=\"inner\"><b>Tecnol\u00f3gicamente inteligentes<\/b>\n<p>EPA! asegura escalabilidad y confiabilidad, as\u00ed como implementaciones r\u00e1pidas y vers\u00e1tiles, mediante el uso de tecnolog\u00eda de punta.<\/p><\/div><\/div>\n\t\t<\/div> \n\t<\/div> \n<\/div><\/div><div id=\"k_row-nw\" class=\"section container \" style=\"text-align:; \"><div class=\"wpb_row vc_row-fluid\">\n\t<div class=\"vc_span12 wpb_column column_container col\">\n\t\t<div class=\"wpb_wrapper \">\n\t\t\t<div class=\"kioken_spacer hidden-xs hidden-sm\" style=\"height:50px;\"><\/div><div class=\"blurb texto-bullet-r\"><div class=\"icon-wrapper  \" style=\" margin-bottom:25px; text-align:right;#f9c80614px 15px \"><i style=\"color:#ac4a9c;\" class=\"fa fa-crop fa-2x\"><\/i><\/div><div class=\"inner\"><b>Integraci\u00f3n natural<\/b>\n<p>EPA! es completamente personalizable a su identidad de marca. Adem\u00e1s, puede conectarse a su sistema de CRM actual y otras bases de datos de usuarios.<\/p><\/div><\/div>\n\t\t<\/div> \n\t<\/div> \n<\/div><\/div>\n\t\t<\/div> \n\t<\/div> \n\n\t<div class=\"vc_span4 wpb_column column_container col\">\n\t\t<div class=\"wpb_wrapper \">\n\t\t\t<img class='k-animate '  data-animation=\"fadeInBottom\" data-anim-target=\"self\" data-delay=\"100\" data-speed=\"2000\" data-ease=\"easeInOutQuart\" src='https:\/\/www.edge-americas.com\/es\/wp-content\/uploads\/2015\/04\/control1.png' alt=''\/>\n\t\t<\/div> \n\t<\/div> \n\n\t<div class=\"vc_span4 wpb_column column_container col\">\n\t\t<div class=\"wpb_wrapper  k-animate\" data-animation=\"fadeInRight\" data-anim-target=\"self\" data-speed=\"800\" data-ease=\"easeInOutQuart\" data-delay=\"100\">\n\t\t\t<div id=\"k_row-y3\" class=\"section container \" style=\"text-align:; \"><div class=\"wpb_row vc_row-fluid\">\n\t<div class=\"vc_span12 wpb_column column_container col\">\n\t\t<div class=\"wpb_wrapper \">\n\t\t\t<div class=\"kioken_spacer hidden-xs hidden-sm\" style=\"height:100px;\"><\/div><div class=\"blurb texto-bullet-l\"><div class=\"icon-wrapper  \" style=\" margin-bottom:25px; text-align:left;#f9c80614px 15px \"><i style=\"color:#ac4a9c;\" class=\"fa fa-group fa-2x\"><\/i><\/div><div class=\"inner\"><b>Enfoque consultivo<\/b>\n<p>Somos especialistas de Industria que desarrollamos cat\u00e1logos exclusivos de contenido para cada cliente individual, basados en su audiencia y objetivos comerciales.<\/p><\/div><\/div>\n\t\t<\/div> \n\t<\/div> \n<\/div><\/div><div id=\"k_row-0C\" class=\"section container \" style=\"text-align:; \"><div class=\"wpb_row vc_row-fluid\">\n\t<div class=\"vc_span12 wpb_column column_container col\">\n\t\t<div class=\"wpb_wrapper \">\n\t\t\t<div class=\"kioken_spacer hidden-xs hidden-sm\" style=\"height:50px;\"><\/div><div class=\"blurb texto-bullet-l\"><div class=\"icon-wrapper  \" style=\" margin-bottom:25px; text-align:left;#f9c80614px 15px \"><i style=\"color:#ac4a9c;\" class=\"fa fa-tablet fa-2x\"><\/i><\/div><div class=\"inner\"><b>Pensado para todos<\/b>\n<p>EPA! entrega alta calidad de video a trav\u00e9s de los dispositivos m\u00e1s populares: TVs, computadoras de escritorio, port\u00e1tiles, tablets y smartphones.<\/p><\/div><\/div>\n\t\t<\/div> \n\t<\/div> \n<\/div><\/div><div id=\"k_row-FY\" class=\"section container \" style=\"text-align:; \"><div class=\"wpb_row vc_row-fluid\">\n\t<div class=\"vc_span12 wpb_column column_container col\">\n\t\t<div class=\"wpb_wrapper \">\n\t\t\t<div class=\"kioken_spacer hidden-xs hidden-sm\" style=\"height:50px;\"><\/div><div class=\"blurb texto-bullet-l\"><div class=\"icon-wrapper  \" style=\" margin-bottom:25px; text-align:left;#f9c80614px 15px \"><i style=\"color:#ac4a9c;\" class=\"fa fa-archive fa-2x\"><\/i><\/div><div class=\"inner\"><b>A la medida de todo negocio<\/b>\n<p>EPA! es una soluci\u00f3n costo efectiva para Pymes tanto como para grandes corporaciones. Nuestros precios se ajustan al presupuesto de todos.<\/p><\/div><\/div>\n\t\t<\/div> \n\t<\/div> \n<\/div><\/div>\n\t\t<\/div> \n\t<\/div> \n<\/div><\/div><\/div><div id=\"k_row-oIW4\" class=\"section full wpb_row vc_row-fluid \" style=\"margin-bottom:0px; background-color:#a864a8; \"><div class=\"inner\" style=\"\">\n\t<div class=\"vc_span12 wpb_column column_container col\">\n\t\t<div class=\"wpb_wrapper \">\n\t\t\t<div class=\"kioken_spacer hidden-xs hidden-sm\" style=\"height:60px;\"><\/div>\n\t\t<\/div> \n\t<\/div> \n<\/div><\/div><div id=\"k_row-sLLE\" class=\"section wpb_row vc_row-fluid \" style=\"text-align:center; margin-bottom:0px; background-color:#a864a8; \"><div class=\"inner\" style=\"\"><div class=\"container\">\n\t<div class=\"vc_span4 wpb_column column_container col\">\n\t\t<div class=\"wpb_wrapper \">\n\t\t\t\n\t\t<\/div> \n\t<\/div> \n\n\t<div class=\"vc_span4 wpb_column column_container col\">\n\t\t<div class=\"wpb_wrapper \">\n\t\t\t<a class=\"vc_btn vc_btn_white vc_btn_lg vc_btn_outlined\" href=\"mailto:epa@edge-americas.com?subject=Request a demo\" title=\"\" target=\"\">\n    Solicite una Demo<\/a>\n\n\n\t\t<\/div> \n\t<\/div> \n\n\t<div class=\"vc_span4 wpb_column column_container col\">\n\t\t<div class=\"wpb_wrapper \">\n\t\t\t\n\t\t<\/div> \n\t<\/div> \n<\/div><\/div><\/div><div id=\"k_row-eFsL\" class=\"section full wpb_row vc_row-fluid \" style=\"margin-bottom:0px; background-color:#a864a8; \"><div class=\"inner\" style=\"\">\n\t<div class=\"vc_span12 wpb_column column_container col\">\n\t\t<div class=\"wpb_wrapper \">\n\t\t\t<div class=\"kioken_spacer hidden-xs hidden-sm\" style=\"height:30px;\"><\/div>\n\t\t<\/div> \n\t<\/div> \n<\/div><\/div><div id=\"k_row-XEuk\" class=\"section wpb_row vc_row-fluid \" style=\"text-align:center; margin-bottom:0px; background-color:#a864a8; \"><div class=\"inner\" style=\"\"><div class=\"container\">\n\t<div class=\"vc_span4 wpb_column column_container col\">\n\t\t<div class=\"wpb_wrapper \">\n\t\t\t\n\t\t<\/div> \n\t<\/div> \n\n\t<div class=\"vc_span4 wpb_column column_container col\">\n\t\t<div class=\"wpb_wrapper \">\n\t\t\t<div class=\"blurb texto-blanco\"><div class=\"inner\">Cont\u00e1ctese con nuestros especialistas y experimente EPA!<\/div><\/div>\n\t\t<\/div> \n\t<\/div> \n\n\t<div class=\"vc_span4 wpb_column column_container col\">\n\t\t<div class=\"wpb_wrapper \">\n\t\t\t\n\t\t<\/div> \n\t<\/div> \n<\/div><\/div><\/div><div id=\"k_row-LyH8\" class=\"section full wpb_row vc_row-fluid \" style=\"margin-bottom:0px; background-color:#a864a8; \"><div class=\"inner\" style=\"\">\n\t<div class=\"vc_span12 wpb_column column_container col\">\n\t\t<div class=\"wpb_wrapper \">\n\t\t\t<div class=\"kioken_spacer hidden-xs hidden-sm\" style=\"height:60px;\"><\/div>\n\t\t<\/div> \n\t<\/div> \n<\/div><\/div><div id=\"k_row-YSel\" class=\"section wpb_row vc_row-fluid \" style=\"text-align:center; background-image:url(https:\/\/www.edge-americas.com\/es\/wp-content\/uploads\/2015\/04\/bg-epa-mapa1.jpg); background-repeat:no-repeat; background-size:cover; background-position:left top; margin-bottom:0px; background-color:#89317a; \"><div class=\"inner\" style=\"\"><div class=\"container\">\n\t<div class=\"vc_span12 wpb_column column_container col\">\n\t\t<div class=\"wpb_wrapper \">\n\t\t\t<div id=\"k_row-pM\" class=\"section container \" style=\"text-align:; \"><div class=\"wpb_row vc_row-fluid\">\n\t<div class=\"vc_span12 wpb_column column_container col\">\n\t\t<div class=\"wpb_wrapper \">\n\t\t\t<div class=\"kioken_spacer hidden-xs hidden-sm\" style=\"height:60px;\"><\/div>\n\t\t<\/div> \n\t<\/div> \n<\/div><\/div><img class=' '   src='https:\/\/www.edge-americas.com\/es\/wp-content\/uploads\/2015\/04\/epa-dispositivos11.png' alt=''\/><div class=\"kioken_spacer hidden-xs hidden-sm\" style=\"height:60px;\"><\/div><div id=\"k_row-op\" class=\"section container \" style=\"text-align:; \"><div class=\"wpb_row vc_row-fluid\">\n\t<div class=\"vc_span4 wpb_column column_container col\">\n\t\t<div class=\"wpb_wrapper \">\n\t\t\t\n\t\t<\/div> \n\t<\/div> \n\n\t<div class=\"vc_span4 wpb_column column_container col\">\n\t\t<div class=\"wpb_wrapper \">\n\t\t\t<h2 class='custom_title subtitulo-4  k-animate subtitulo-4 default'  data-animation=\"zoomIn\" data-anim-target=\"self\" data-delay=\"100\" data-speed=\"800\" data-ease=\"easeInOutQuart\" style='color:#ffffff'>EPA!<\/h2>\n\t\t<\/div> \n\t<\/div> \n\n\t<div class=\"vc_span4 wpb_column column_container col\">\n\t\t<div class=\"wpb_wrapper \">\n\t\t\t\n\t\t<\/div> \n\t<\/div> \n<\/div><\/div><div id=\"k_row-o4\" class=\"section container \" style=\"text-align:; \"><div class=\"wpb_row vc_row-fluid\">\n\t<div class=\"vc_span2 wpb_column column_container col\">\n\t\t<div class=\"wpb_wrapper \">\n\t\t\t\n\t\t<\/div> \n\t<\/div> \n\n\t<div class=\"vc_span8 wpb_column column_container col\">\n\t\t<div class=\"wpb_wrapper \">\n\t\t\t<div class=\"kioken_spacer hidden-xs hidden-sm\" style=\"height:40px;\"><\/div>\n\t<div class=\"wpb_text_column wpb_content_element \">\n\t\t<div class=\"wpb_wrapper\">\n\t\t\t<p style=\"text-align: center; color: #fff; font-size: 15px; line-height: 26px; font-weight: 400;\">EPA! es la soluci\u00f3n innovadora de Edge Americas para la distribuci\u00f3n de video en vivo y bajo demanda por Internet, con foco en entregar una experiencia poderosa a la audiencia. EPA! es la plataforma ideal para las necesidades de medios y empresas.<\/p>\n\n\t\t<\/div> \n\t<\/div> \n\t\t<\/div> \n\t<\/div> \n\n\t<div class=\"vc_span2 wpb_column column_container col\">\n\t\t<div class=\"wpb_wrapper \">\n\t\t\t\n\t\t<\/div> \n\t<\/div> \n<\/div><\/div>\n\t\t<\/div> \n\t<\/div> \n<\/div><\/div><\/div><div id=\"k_row-oNMl\" class=\"section full wpb_row vc_row-fluid \" style=\"margin-bottom:0px; background-color:#89317a; \"><div class=\"inner\" style=\"\">\n\t<div class=\"vc_span12 wpb_column column_container col\">\n\t\t<div class=\"wpb_wrapper \">\n\t\t\t<div class=\"kioken_spacer hidden-xs hidden-sm\" style=\"height:120px;\"><\/div>\n\t\t<\/div> \n\t<\/div> \n<\/div><\/div>\n","protected":false},"excerpt":{"rendered":"EPA! EPA! es la soluci\u00f3n novedosa y accesible de Edge Americas para la transmisi\u00f3n de contenidos en vivo y bajo demanda por Internet. Alianzas fuertes Construimos puentes entre compa\u00f1\u00edas, productores de contenido y proveedores de tecnolog\u00eda para ejecutar su estrategia de negocio. Tecnol\u00f3gicamente inteligentes EPA! asegura escalabilidad y confiabilidad, as\u00ed como implementaciones r\u00e1pidas y vers\u00e1tiles, [...]","protected":false},"author":1,"featured_media":0,"parent":0,"menu_order":0,"comment_status":"open","ping_status":"open","template":"","meta":[],"_links":{"self":[{"href":"https:\/\/www.edge-americas.com\/es\/wp-json\/wp\/v2\/pages\/3045"}],"collection":[{"href":"https:\/\/www.edge-americas.com\/es\/wp-json\/wp\/v2\/pages"}],"about":[{"href":"https:\/\/www.edge-americas.com\/es\/wp-json\/wp\/v2\/types\/page"}],"author":[{"embeddable":true,"href":"https:\/\/www.edge-americas.com\/es\/wp-json\/wp\/v2\/users\/1"}],"replies":[{"embeddable":true,"href":"https:\/\/www.edge-americas.com\/es\/wp-json\/wp\/v2\/comments?post=3045"}],"version-history":[{"count":3,"href":"https:\/\/www.edge-americas.com\/es\/wp-json\/wp\/v2\/pages\/3045\/revisions"}],"predecessor-version":[{"id":3067,"href":"https:\/\/www.edge-americas.com\/es\/wp-json\/wp\/v2\/pages\/3045\/revisions\/3067"}],"wp:attachment":[{"href":"https:\/\/www.edge-americas.com\/es\/wp-json\/wp\/v2\/media?parent=3045"}],"curies":[{"name":"wp","href":"https:\/\/api.w.org\/{rel}","templated":true}]}}