{"id":3046,"date":"2015-04-07T15:13:02","date_gmt":"2015-04-07T15:13:02","guid":{"rendered":"https:\/\/www.edge-americas.com\/en\/?page_id=20"},"modified":"2015-04-28T12:43:49","modified_gmt":"2015-04-28T12:43:49","slug":"media","status":"publish","type":"page","link":"https:\/\/www.edge-americas.com\/es\/media\/","title":{"rendered":"Media"},"content":{"rendered":"<div id=\"k_row-DzG6\" class=\"section full wpb_row vc_row-fluid \" style=\"margin-bottom:0px; background-color:#ffffff; \"><div class=\"inner\" style=\"\">\n\t<div class=\"vc_span12 wpb_column column_container col\">\n\t\t<div class=\"wpb_wrapper \">\n\t\t\t<div class=\"kioken_spacer hidden-xs hidden-sm\" style=\"height:60px;\"><\/div>\n\t\t<\/div> \n\t<\/div> \n<\/div><\/div><div id=\"k_row-G1Y2\" class=\"section wpb_row vc_row-fluid \" style=\"text-align:center; margin-bottom:0px; background-color:#ffffff; \"><div class=\"inner\" style=\"\"><div class=\"container\">\n\t<div class=\"vc_span2 wpb_column column_container col\">\n\t\t<div class=\"wpb_wrapper \">\n\t\t\t\n\t\t<\/div> \n\t<\/div> \n\n\t<div class=\"vc_span8 wpb_column column_container col\">\n\t\t<div class=\"wpb_wrapper \">\n\t\t\t<h2 class='custom_title subtitulo  k-animate subtitulo default'  data-animation=\"zoomIn\" data-anim-target=\"self\" data-delay=\"100\" data-speed=\"800\" data-ease=\"easeInOutQuart\" style='color:#849931'>INTELIGENTE, VERS\u00c1TIL, ESTABLE Y COMPETITIVO<\/h2>\n\t\t<\/div> \n\t<\/div> \n\n\t<div class=\"vc_span2 wpb_column column_container col\">\n\t\t<div class=\"wpb_wrapper \">\n\t\t\t\n\t\t<\/div> \n\t<\/div> \n<\/div><\/div><\/div><div id=\"k_row-RysQ\" class=\"section full wpb_row vc_row-fluid \" style=\"margin-bottom:0px; background-color:#ffffff; \"><div class=\"inner\" style=\"\">\n\t<div class=\"vc_span12 wpb_column column_container col\">\n\t\t<div class=\"wpb_wrapper \">\n\t\t\t<div class=\"kioken_spacer hidden-xs hidden-sm\" style=\"height:40px;\"><\/div>\n\t\t<\/div> \n\t<\/div> \n<\/div><\/div><div id=\"k_row-jrVg\" class=\"section wpb_row vc_row-fluid \" style=\"text-align:center; margin-bottom:0px; background-color:#ffffff; \"><div class=\"inner\" style=\"\"><div class=\"container\">\n\t<div class=\"vc_span3 wpb_column column_container col\">\n\t\t<div class=\"wpb_wrapper \">\n\t\t\t\n\t\t<\/div> \n\t<\/div> \n\n\t<div class=\"vc_span6 wpb_column column_container col\">\n\t\t<div class=\"wpb_wrapper \">\n\t\t\t\n\t<div class=\"wpb_text_column wpb_content_element \">\n\t\t<div class=\"wpb_wrapper\">\n\t\t\t<p style=\"text-align: center; color: #849931; font-size: 15px; line-height: 26px; font-weight: 400;\">Edge provee servicios de alta calidad para la distribuci\u00f3n de audio y video a trav\u00e9s de Internet. Las soluciones tecnol\u00f3gicas de Edge y su capital humano cubren cada etapa del proceso, desde la creaci\u00f3n a la publicaci\u00f3n.<\/p>\n\n\t\t<\/div> \n\t<\/div> \n\t\t<\/div> \n\t<\/div> \n\n\t<div class=\"vc_span3 wpb_column column_container col\">\n\t\t<div class=\"wpb_wrapper \">\n\t\t\t\n\t\t<\/div> \n\t<\/div> \n<\/div><\/div><\/div><div id=\"k_row-V4wP\" class=\"section full wpb_row vc_row-fluid \" style=\"margin-bottom:0px; background-color:#ffffff; \"><div class=\"inner\" style=\"\">\n\t<div class=\"vc_span12 wpb_column column_container col\">\n\t\t<div class=\"wpb_wrapper \">\n\t\t\t<div class=\"kioken_spacer hidden-xs hidden-sm\" style=\"height:60px;\"><\/div>\n\t\t<\/div> \n\t<\/div> \n<\/div><\/div><div id=\"k_row-cdsI\" class=\"section wpb_row vc_row-fluid \" style=\"text-align:center; margin-bottom:0px; background-color:#ffffff; \"><div class=\"inner\" style=\"\"><div class=\"container\">\n\t<div class=\"vc_span4 wpb_column column_container col\">\n\t\t<div class=\"wpb_wrapper  k-animate\" data-animation=\"fadeInLeft\" data-anim-target=\"self\" data-speed=\"800\" data-ease=\"easeInOutQuart\" data-delay=\"100\">\n\t\t\t<div id=\"k_row-cg\" class=\"section container \" style=\"text-align:; \"><div class=\"wpb_row vc_row-fluid\">\n\t<div class=\"vc_span12 wpb_column column_container col\">\n\t\t<div class=\"wpb_wrapper \">\n\t\t\t<div class=\"kioken_spacer hidden-xs hidden-sm\" style=\"height:50px;\"><\/div><div class=\"blurb texto-bullet-l\"><div class=\"icon-wrapper  \" style=\" margin-bottom:25px; text-align:left;#f9c80614px 15px \"><i style=\"color:#849931;\" class=\"fa fa-video-camera fa-2x\"><\/i><\/div><div class=\"inner\"><b>HD En vivo y bajo demanda<\/b>\n<p>Edge Media Delivery maneja tanto broadcast en vivo como VOD de alta calidad de imagen y sonido, con una muy baja tasa de retraso en la transmisi\u00f3n.<\/p><\/div><\/div>\n\t\t<\/div> \n\t<\/div> \n<\/div><\/div>\n\t\t<\/div> \n\t<\/div> \n\n\t<div class=\"vc_span4 wpb_column column_container col\">\n\t\t<div class=\"wpb_wrapper \">\n\t\t\t<div id=\"k_row-pV\" class=\"section container \" style=\"text-align:; \"><div class=\"wpb_row vc_row-fluid\">\n\t<div class=\"vc_span12 wpb_column column_container col\">\n\t\t<div class=\"wpb_wrapper \">\n\t\t\t<div class=\"kioken_spacer hidden-xs hidden-sm\" style=\"height:50px;\"><\/div><div class=\"blurb texto-bullet-l\"><div class=\"icon-wrapper  \" style=\" margin-bottom:25px; text-align:left;#f9c80614px 15px \"><i style=\"color:#849931;\" class=\"fa fa-sitemap fa-2x\"><\/i><\/div><div class=\"inner\"><b>Broadcasting sin fronteras<\/b>\n<p>Ya sea para una estaci\u00f3n de radio o TV como para un proyecto nacido digital, Edge expande su alcance a la audiencia global de modo confiable.<\/p><\/div><\/div>\n\t\t<\/div> \n\t<\/div> \n<\/div><\/div>\n\t\t<\/div> \n\t<\/div> \n\n\t<div class=\"vc_span4 wpb_column column_container col\">\n\t\t<div class=\"wpb_wrapper  k-animate\" data-animation=\"fadeInRight\" data-anim-target=\"self\" data-speed=\"800\" data-ease=\"easeInOutQuart\" data-delay=\"100\">\n\t\t\t<div id=\"k_row-k5\" class=\"section container \" style=\"text-align:; \"><div class=\"wpb_row vc_row-fluid\">\n\t<div class=\"vc_span12 wpb_column column_container col\">\n\t\t<div class=\"wpb_wrapper \">\n\t\t\t<div class=\"kioken_spacer hidden-xs hidden-sm\" style=\"height:50px;\"><\/div><div class=\"blurb texto-bullet-l\"><div class=\"icon-wrapper  \" style=\" margin-bottom:25px; text-align:left;#f9c80614px 15px \"><i style=\"color:#849931;\" class=\"fa fa-group fa-2x\"><\/i><\/div><div class=\"inner\"><b>Centrados en la audiencia<\/b>\n<p>La plataforma de Edge, Magma\u00ae, codifica video en tiempo real y publica m\u00faltiples versiones a ratios variables, para adecuarse a los diferentes dispositivos y capacidades de conexi\u00f3n.<\/p><\/div><\/div>\n\t\t<\/div> \n\t<\/div> \n<\/div><\/div>\n\t\t<\/div> \n\t<\/div> \n<\/div><\/div><\/div><div id=\"k_row-uYEa\" class=\"section container \" style=\"text-align:center; margin-bottom:0px; \"><div class=\"wpb_row vc_row-fluid\">\n\t<div class=\"vc_span12 wpb_column column_container col\">\n\t\t<div class=\"wpb_wrapper \">\n\t\t\t<img class=' '   src='https:\/\/www.edge-americas.com\/es\/wp-content\/uploads\/2015\/04\/Grafico-Media11.jpg' alt=''\/>\n\t\t<\/div> \n\t<\/div> \n<\/div><\/div><div id=\"k_row-4kb3\" class=\"section wpb_row vc_row-fluid \" style=\"text-align:center; margin-bottom:0px; background-color:#ffffff; \"><div class=\"inner\" style=\"\"><div class=\"container\">\n\t<div class=\"vc_span4 wpb_column column_container col\">\n\t\t<div class=\"wpb_wrapper  k-animate\" data-animation=\"fadeInLeft\" data-anim-target=\"self\" data-speed=\"800\" data-ease=\"easeInOutQuart\" data-delay=\"100\">\n\t\t\t<div id=\"k_row-m3\" class=\"section container \" style=\"text-align:; \"><div class=\"wpb_row vc_row-fluid\">\n\t<div class=\"vc_span12 wpb_column column_container col\">\n\t\t<div class=\"wpb_wrapper \">\n\t\t\t<div class=\"blurb texto-bullet-l\"><div class=\"icon-wrapper  \" style=\" margin-bottom:25px; text-align:left;#f9c80614px 15px \"><i style=\"color:#849931;\" class=\"fa fa-rocket fa-2x\"><\/i><\/div><div class=\"inner\"><b>Sin l\u00edmites<\/b>\n<p>Un acercamiento personalizado a la entrega de contenidos confluye en optimizaci\u00f3n: grandes audiencias, localizaci\u00f3n o usuarios concurrentes requieren de enfoques particulares.<\/p><\/div><\/div>\n\t\t<\/div> \n\t<\/div> \n<\/div><\/div>\n\t\t<\/div> \n\t<\/div> \n\n\t<div class=\"vc_span4 wpb_column column_container col\">\n\t\t<div class=\"wpb_wrapper \">\n\t\t\t<div id=\"k_row-BP\" class=\"section container \" style=\"text-align:; \"><div class=\"wpb_row vc_row-fluid\">\n\t<div class=\"vc_span12 wpb_column column_container col\">\n\t\t<div class=\"wpb_wrapper \">\n\t\t\t<div class=\"blurb texto-bullet-l\"><div class=\"icon-wrapper  \" style=\" margin-bottom:25px; text-align:left;#f9c80614px 15px \"><i style=\"color:#849931;\" class=\"fa fa-bolt fa-2x\"><\/i><\/div><div class=\"inner\"><b>Probado en condiciones extremas<\/b>\n<p>El f\u00fatbol es algo serio en Latinoam\u00e9rica. Edge distribuy\u00f3 de manera exitosa los partidos de la Copa Mundial FIFA\u00ae a audiencias masivas en la regi\u00f3n.<\/p><\/div><\/div>\n\t\t<\/div> \n\t<\/div> \n<\/div><\/div>\n\t\t<\/div> \n\t<\/div> \n\n\t<div class=\"vc_span4 wpb_column column_container col\">\n\t\t<div class=\"wpb_wrapper  k-animate\" data-animation=\"fadeInRight\" data-anim-target=\"self\" data-speed=\"800\" data-ease=\"easeInOutQuart\" data-delay=\"100\">\n\t\t\t<div id=\"k_row-UU\" class=\"section container \" style=\"text-align:; \"><div class=\"wpb_row vc_row-fluid\">\n\t<div class=\"vc_span12 wpb_column column_container col\">\n\t\t<div class=\"wpb_wrapper \">\n\t\t\t<div class=\"blurb texto-bullet-l\"><div class=\"icon-wrapper  \" style=\" margin-bottom:25px; text-align:left;#f9c80614px 15px \"><i style=\"color:#849931;\" class=\"fa fa-smile-o fa-2x\"><\/i><\/div><div class=\"inner\"><b>\u00datil para empresas<\/b>\n<p>Edge Media Delivery est\u00e1 siendo utilizado tambi\u00e9n por empresas que no son medios, para publicar sus eventos, capacitar a distancia y realizar su comunicaci\u00f3n interna.<\/p><\/div><\/div>\n\t\t<\/div> \n\t<\/div> \n<\/div><\/div>\n\t\t<\/div> \n\t<\/div> \n<\/div><\/div><\/div><div id=\"k_row-gPab\" class=\"section full wpb_row vc_row-fluid \" style=\"margin-bottom:0px; background-color:#ffffff; \"><div class=\"inner\" style=\"\">\n\t<div class=\"vc_span12 wpb_column column_container col\">\n\t\t<div class=\"wpb_wrapper \">\n\t\t\t<div class=\"kioken_spacer hidden-xs hidden-sm\" style=\"height:60px;\"><\/div>\n\t\t<\/div> \n\t<\/div> \n<\/div><\/div><div id=\"k_row-TH05\" class=\"section full wpb_row vc_row-fluid \" style=\"margin-bottom:0px; background-color:#f0f1ec; \"><div class=\"inner\" style=\"\">\n\t<div class=\"vc_span12 wpb_column column_container col\">\n\t\t<div class=\"wpb_wrapper \">\n\t\t\t<div class=\"kioken_spacer hidden-xs hidden-sm\" style=\"height:60px;\"><\/div>\n\t\t<\/div> \n\t<\/div> \n<\/div><\/div><div id=\"k_row-VtO7\" class=\"section wpb_row vc_row-fluid \" style=\"text-align:center; margin-bottom:0px; background-color:#f0f1ec; \"><div class=\"inner\" style=\"\"><div class=\"container\">\n\t<div class=\"vc_span4 wpb_column column_container col\">\n\t\t<div class=\"wpb_wrapper \">\n\t\t\t\n\t\t<\/div> \n\t<\/div> \n\n\t<div class=\"vc_span4 wpb_column column_container col\">\n\t\t<div class=\"wpb_wrapper \">\n\t\t\t<h2 class='custom_title subtitulo  k-animate subtitulo default'  data-animation=\"zoomIn\" data-anim-target=\"self\" data-delay=\"100\" data-speed=\"800\" data-ease=\"easeInOutQuart\" style='color:#849931'>CASOS DE ESTUDIO<\/h2>\n\t\t<\/div> \n\t<\/div> \n\n\t<div class=\"vc_span4 wpb_column column_container col\">\n\t\t<div class=\"wpb_wrapper \">\n\t\t\t\n\t\t<\/div> \n\t<\/div> \n<\/div><\/div><\/div><div id=\"k_row-Ke35\" class=\"section full wpb_row vc_row-fluid \" style=\"margin-bottom:0px; background-color:#f0f1ec; \"><div class=\"inner\" style=\"\">\n\t<div class=\"vc_span12 wpb_column column_container col\">\n\t\t<div class=\"wpb_wrapper \">\n\t\t\t<div class=\"kioken_spacer hidden-xs hidden-sm\" style=\"height:60px;\"><\/div>\n\t\t<\/div> \n\t<\/div> \n<\/div><\/div><div id=\"k_row-jx3Y\" class=\"section wpb_row vc_row-fluid \" style=\"text-align:center; margin-bottom:0px; background-color:#f0f1ec; \"><div class=\"inner\" style=\"\"><div class=\"container\">\n\t<div class=\"vc_span4 wpb_column column_container col\">\n\t\t<div class=\"wpb_wrapper \">\n\t\t\t<img class=' '   src='https:\/\/www.edge-americas.com\/es\/wp-content\/uploads\/2015\/04\/casos-arcos_dorados1.jpg' alt=''\/><div class=\"kioken_spacer hidden-xs hidden-sm\" style=\"height:40px;\"><\/div><h2 class='custom_title casos-titulo   casos-titulo letterspaced_caps'   style='color:#5c5e59'>ARCOS DORADOS<\/h2>\n\t\t<\/div> \n\t<\/div> \n\n\t<div class=\"vc_span4 wpb_column column_container col\">\n\t\t<div class=\"wpb_wrapper \">\n\t\t\t<img class=' '   src='https:\/\/www.edge-americas.com\/es\/wp-content\/uploads\/2015\/04\/casos-tv1.jpg' alt=''\/><div class=\"kioken_spacer hidden-xs hidden-sm\" style=\"height:40px;\"><\/div><h2 class='custom_title casos-titulo   casos-titulo letterspaced_caps'   style='color:#5c5e59'>TV PUBLICA ARGENTINA<\/h2>\n\t\t<\/div> \n\t<\/div> \n\n\t<div class=\"vc_span4 wpb_column column_container col\">\n\t\t<div class=\"wpb_wrapper \">\n\t\t\t<img class=' '   src='https:\/\/www.edge-americas.com\/es\/wp-content\/uploads\/2015\/04\/casos-uno1.jpg' alt=''\/><div class=\"kioken_spacer hidden-xs hidden-sm\" style=\"height:40px;\"><\/div><h2 class='custom_title casos-titulo   casos-titulo letterspaced_caps'   style='color:#5c5e59'>GRUPO UNO MEDIOS<\/h2>\n\t\t<\/div> \n\t<\/div> \n<\/div><\/div><\/div><div id=\"k_row-H8iT\" class=\"section full wpb_row vc_row-fluid \" style=\"margin-bottom:0px; background-color:#f0f1ec; \"><div class=\"inner\" style=\"\">\n\t<div class=\"vc_span12 wpb_column column_container col\">\n\t\t<div class=\"wpb_wrapper \">\n\t\t\t<div class=\"kioken_spacer hidden-xs hidden-sm\" style=\"height:60px;\"><\/div>\n\t\t<\/div> \n\t<\/div> \n<\/div><\/div><div id=\"k_row-bEXM\" class=\"section full wpb_row vc_row-fluid \" style=\"margin-bottom:0px; background-color:#e1e2dc; \"><div class=\"inner\" style=\"\">\n\t<div class=\"vc_span12 wpb_column column_container col\">\n\t\t<div class=\"wpb_wrapper \">\n\t\t\t<div class=\"kioken_spacer hidden-xs hidden-sm\" style=\"height:60px;\"><\/div>\n\t\t<\/div> \n\t<\/div> \n<\/div><\/div><div id=\"k_row-tRHK\" class=\"section wpb_row vc_row-fluid \" style=\"text-align:center; margin-bottom:0px; background-color:#e1e2dc; \"><div class=\"inner\" style=\"\"><div class=\"container\">\n\t<div class=\"vc_span12 wpb_column column_container col\">\n\t\t<div class=\"wpb_wrapper \">\n\t\t\t<h2 class='custom_title subtitulo-3  k-animate subtitulo-3 letterspaced_caps'  data-animation=\"zoomIn\" data-anim-target=\"self\" data-delay=\"100\" data-speed=\"800\" data-ease=\"easeInOutQuart\" style='color:#849931'>NUESTROS PROYECTOS<\/h2>\n\t\t<\/div> \n\t<\/div> \n<\/div><\/div><\/div><div id=\"k_row-GSWA\" class=\"section wpb_row vc_row-fluid \" style=\"text-align:center; margin-bottom:0px; background-color:#e1e2dc; \"><div class=\"inner\" style=\"\"><div class=\"container\">\n\t<div class=\"vc_span12 wpb_column column_container col\">\n\t\t<div class=\"wpb_wrapper \">\n\t\t\t<img class=' '   src='https:\/\/www.edge-americas.com\/es\/wp-content\/uploads\/2015\/04\/Clientes-Media1.jpg' alt=''\/>\n\t\t<\/div> \n\t<\/div> \n<\/div><\/div><\/div><div id=\"k_row-AXFv\" class=\"section full wpb_row vc_row-fluid \" style=\"margin-bottom:0px; background-color:#e1e2dc; \"><div class=\"inner\" style=\"\">\n\t<div class=\"vc_span12 wpb_column column_container col\">\n\t\t<div class=\"wpb_wrapper \">\n\t\t\t<div class=\"kioken_spacer hidden-xs hidden-sm\" style=\"height:40px;\"><\/div>\n\t\t<\/div> \n\t<\/div> \n<\/div><\/div><div id=\"k_row-quDb\" class=\"section wpb_row vc_row-fluid \" style=\"margin-bottom:0px; background-color:#a5ba4f; \"><div class=\"inner\" style=\"\"><div class=\"container\">\n\t<div class=\"vc_span12 wpb_column column_container col\">\n\t\t<div class=\"wpb_wrapper \">\n\t\t\t<div class=\"kioken_spacer hidden-xs hidden-sm\" style=\"height:60px;\"><\/div>\n\t\t<\/div> \n\t<\/div> \n<\/div><\/div><\/div><div id=\"k_row-JGg2\" class=\"section wpb_row vc_row-fluid \" style=\"text-align:center; margin-bottom:0px; background-color:#a5ba4f; \"><div class=\"inner\" style=\"\"><div class=\"container\">\n\t<div class=\"vc_span12 wpb_column column_container col\">\n\t\t<div class=\"wpb_wrapper \">\n\t\t\t<h2 class='custom_title subtitulo-3  k-animate subtitulo-3 letterspaced_caps'  data-animation=\"zoomIn\" data-anim-target=\"self\" data-delay=\"100\" data-speed=\"800\" data-ease=\"easeInOutQuart\" style='color:#323717'>PARTNERS<\/h2>\n\t\t<\/div> \n\t<\/div> \n<\/div><\/div><\/div><div id=\"k_row-ek0W\" class=\"section wpb_row vc_row-fluid \" style=\"text-align:center; margin-bottom:0px; background-color:#a5ba4f; \"><div class=\"inner\" style=\"\"><div class=\"container\">\n\t<div class=\"vc_span12 wpb_column column_container col\">\n\t\t<div class=\"wpb_wrapper \">\n\t\t\t<img class=' '   src='https:\/\/www.edge-americas.com\/es\/wp-content\/uploads\/2015\/04\/Partners-Media2.jpg' alt=''\/>\n\t\t<\/div> \n\t<\/div> \n<\/div><\/div><\/div><div id=\"k_row-sjQE\" class=\"section wpb_row vc_row-fluid \" style=\"margin-bottom:0px; background-color:#a5ba4f; \"><div class=\"inner\" style=\"\"><div class=\"container\">\n\t<div class=\"vc_span12 wpb_column column_container col\">\n\t\t<div class=\"wpb_wrapper \">\n\t\t\t<div class=\"kioken_spacer hidden-xs hidden-sm\" style=\"height:60px;\"><\/div>\n\t\t<\/div> \n\t<\/div> \n<\/div><\/div><\/div>\n","protected":false},"excerpt":{"rendered":"INTELIGENTE, VERS\u00c1TIL, ESTABLE Y COMPETITIVO Edge provee servicios de alta calidad para la distribuci\u00f3n de audio y video a trav\u00e9s de Internet. Las soluciones tecnol\u00f3gicas de Edge y su capital humano cubren cada etapa del proceso, desde la creaci\u00f3n a la publicaci\u00f3n. HD En vivo y bajo demanda Edge Media Delivery maneja tanto broadcast en [...]","protected":false},"author":1,"featured_media":0,"parent":0,"menu_order":0,"comment_status":"open","ping_status":"open","template":"","meta":[],"_links":{"self":[{"href":"https:\/\/www.edge-americas.com\/es\/wp-json\/wp\/v2\/pages\/3046"}],"collection":[{"href":"https:\/\/www.edge-americas.com\/es\/wp-json\/wp\/v2\/pages"}],"about":[{"href":"https:\/\/www.edge-americas.com\/es\/wp-json\/wp\/v2\/types\/page"}],"author":[{"embeddable":true,"href":"https:\/\/www.edge-americas.com\/es\/wp-json\/wp\/v2\/users\/1"}],"replies":[{"embeddable":true,"href":"https:\/\/www.edge-americas.com\/es\/wp-json\/wp\/v2\/comments?post=3046"}],"version-history":[{"count":3,"href":"https:\/\/www.edge-americas.com\/es\/wp-json\/wp\/v2\/pages\/3046\/revisions"}],"predecessor-version":[{"id":3071,"href":"https:\/\/www.edge-americas.com\/es\/wp-json\/wp\/v2\/pages\/3046\/revisions\/3071"}],"wp:attachment":[{"href":"https:\/\/www.edge-americas.com\/es\/wp-json\/wp\/v2\/media?parent=3046"}],"curies":[{"name":"wp","href":"https:\/\/api.w.org\/{rel}","templated":true}]}}