{"id":3047,"date":"2015-04-07T15:13:19","date_gmt":"2015-04-07T15:13:19","guid":{"rendered":"https:\/\/www.edge-americas.com\/en\/?page_id=22"},"modified":"2015-09-25T11:57:54","modified_gmt":"2015-09-25T11:57:54","slug":"availability","status":"publish","type":"page","link":"https:\/\/www.edge-americas.com\/es\/availability\/","title":{"rendered":"Availability"},"content":{"rendered":"<div id=\"k_row-iRnq\" class=\"section full wpb_row vc_row-fluid \" style=\"margin-bottom:0px; background-color:#ffffff; \"><div class=\"inner\" style=\"\">\n\t<div class=\"vc_span12 wpb_column column_container col\">\n\t\t<div class=\"wpb_wrapper \">\n\t\t\t<div class=\"kioken_spacer hidden-xs hidden-sm\" style=\"height:60px;\"><\/div>\n\t\t<\/div> \n\t<\/div> \n<\/div><\/div><div id=\"k_row-cCeN\" class=\"section wpb_row vc_row-fluid \" style=\"text-align:center; margin-bottom:0px; background-color:#ffffff; \"><div class=\"inner\" style=\"\"><div class=\"container\">\n\t<div class=\"vc_span4 wpb_column column_container col\">\n\t\t<div class=\"wpb_wrapper \">\n\t\t\t\n\t\t<\/div> \n\t<\/div> \n\n\t<div class=\"vc_span4 wpb_column column_container col\">\n\t\t<div class=\"wpb_wrapper \">\n\t\t\t<h2 class='custom_title subtitulo  k-animate subtitulo default'  data-animation=\"zoomIn\" data-anim-target=\"self\" data-delay=\"100\" data-speed=\"800\" data-ease=\"easeInOutQuart\" style='color:#f18900'>SIEMPRE CONECTADO<\/h2>\n\t\t<\/div> \n\t<\/div> \n\n\t<div class=\"vc_span4 wpb_column column_container col\">\n\t\t<div class=\"wpb_wrapper \">\n\t\t\t\n\t\t<\/div> \n\t<\/div> \n<\/div><\/div><\/div><div id=\"k_row-Xv2q\" class=\"section full wpb_row vc_row-fluid \" style=\"margin-bottom:0px; background-color:#ffffff; \"><div class=\"inner\" style=\"\">\n\t<div class=\"vc_span12 wpb_column column_container col\">\n\t\t<div class=\"wpb_wrapper \">\n\t\t\t<div class=\"kioken_spacer hidden-xs hidden-sm\" style=\"height:40px;\"><\/div>\n\t\t<\/div> \n\t<\/div> \n<\/div><\/div><div id=\"k_row-Nuic\" class=\"section wpb_row vc_row-fluid \" style=\"text-align:center; margin-bottom:0px; background-color:#ffffff; \"><div class=\"inner\" style=\"\"><div class=\"container\">\n\t<div class=\"vc_span3 wpb_column column_container col\">\n\t\t<div class=\"wpb_wrapper \">\n\t\t\t\n\t\t<\/div> \n\t<\/div> \n\n\t<div class=\"vc_span6 wpb_column column_container col\">\n\t\t<div class=\"wpb_wrapper \">\n\t\t\t\n\t<div class=\"wpb_text_column wpb_content_element \">\n\t\t<div class=\"wpb_wrapper\">\n\t\t\t<p style=\"text-align: center; color: #f7941d; font-size: 15px; line-height: 26px; font-weight: 400;\">Edge Americas provee soluciones de alta calidad en la nube para optimizar la performance de aplicaciones online cr\u00edticas y asegurar la disponibilidad de sitios web de alto tr\u00e1fico. Edge ha desarrollado una red amplia de servidores para la distribuci\u00f3n inteligente de contenidos a trav\u00e9s de Internet que se integra naturalmente con otras CDNs.<\/p>\n\n\t\t<\/div> \n\t<\/div> \n\t\t<\/div> \n\t<\/div> \n\n\t<div class=\"vc_span3 wpb_column column_container col\">\n\t\t<div class=\"wpb_wrapper \">\n\t\t\t\n\t\t<\/div> \n\t<\/div> \n<\/div><\/div><\/div><div id=\"k_row-QM0D\" class=\"section full wpb_row vc_row-fluid \" style=\"margin-bottom:0px; background-color:#ffffff; \"><div class=\"inner\" style=\"\">\n\t<div class=\"vc_span12 wpb_column column_container col\">\n\t\t<div class=\"wpb_wrapper \">\n\t\t\t<div class=\"kioken_spacer hidden-xs hidden-sm\" style=\"height:60px;\"><\/div>\n\t\t<\/div> \n\t<\/div> \n<\/div><\/div><div id=\"k_row-Zjsw\" class=\"section wpb_row vc_row-fluid \" style=\"text-align:center; margin-bottom:0px; background-color:#ffffff; \"><div class=\"inner\" style=\"\"><div class=\"container\">\n\t<div class=\"vc_span4 wpb_column column_container col\">\n\t\t<div class=\"wpb_wrapper  k-animate\" data-animation=\"fadeInLeft\" data-anim-target=\"self\" data-speed=\"800\" data-ease=\"easeInOutQuart\" data-delay=\"100\">\n\t\t\t<div id=\"k_row-Wh\" class=\"section container \" style=\"text-align:; \"><div class=\"wpb_row vc_row-fluid\">\n\t<div class=\"vc_span12 wpb_column column_container col\">\n\t\t<div class=\"wpb_wrapper \">\n\t\t\t<div class=\"kioken_spacer hidden-xs hidden-sm\" style=\"height:50px;\"><\/div><div class=\"blurb texto-bullet-l\"><div class=\"icon-wrapper  \" style=\" margin-bottom:25px; text-align:left;#f9c80614px 15px \"><i style=\"color:#f7941d;\" class=\"fa fa-cloud fa-2x\"><\/i><\/div><div class=\"inner\"><b>Siempre en l\u00ednea<\/b>\n<p>Mantenemos su sitio siempre en l\u00ednea, no importa la cantidad de usuarios conectados.<\/p><\/div><\/div>\n\t\t<\/div> \n\t<\/div> \n<\/div><\/div>\n\t\t<\/div> \n\t<\/div> \n\n\t<div class=\"vc_span4 wpb_column column_container col\">\n\t\t<div class=\"wpb_wrapper \">\n\t\t\t<div id=\"k_row-01\" class=\"section container \" style=\"text-align:; \"><div class=\"wpb_row vc_row-fluid\">\n\t<div class=\"vc_span12 wpb_column column_container col\">\n\t\t<div class=\"wpb_wrapper \">\n\t\t\t<div class=\"kioken_spacer hidden-xs hidden-sm\" style=\"height:50px;\"><\/div><div class=\"blurb texto-bullet-l\"><div class=\"icon-wrapper  \" style=\" margin-bottom:25px; text-align:left;#f9c80614px 15px \"><i style=\"color:#f7941d;\" class=\"fa fa-dollar fa-2x\"><\/i><\/div><div class=\"inner\"><b>Costos convenientes<\/b>\n<p>No se requiere de software o hardware adicional. De hecho, se reduce la infraestructura necesaria en el servidor de origen.<\/p><\/div><\/div>\n\t\t<\/div> \n\t<\/div> \n<\/div><\/div>\n\t\t<\/div> \n\t<\/div> \n\n\t<div class=\"vc_span4 wpb_column column_container col\">\n\t\t<div class=\"wpb_wrapper  k-animate\" data-animation=\"fadeInRight\" data-anim-target=\"self\" data-speed=\"800\" data-ease=\"easeInOutQuart\" data-delay=\"100\">\n\t\t\t<div id=\"k_row-8z\" class=\"section container \" style=\"text-align:; \"><div class=\"wpb_row vc_row-fluid\">\n\t<div class=\"vc_span12 wpb_column column_container col\">\n\t\t<div class=\"wpb_wrapper \">\n\t\t\t<div class=\"kioken_spacer hidden-xs hidden-sm\" style=\"height:50px;\"><\/div><div class=\"blurb texto-bullet-l\"><div class=\"icon-wrapper  \" style=\" margin-bottom:25px; text-align:left;#f9c80614px 15px \"><i style=\"color:#f7941d;\" class=\"fa fa-superscript fa-2x\"><\/i><\/div><div class=\"inner\"><b>Tr\u00e1fico escalable<\/b>\n<p>Proveemos de escalabilidad sin l\u00edmites para su site o aplicaci\u00f3n, a trav\u00e9s de una configuraci\u00f3n eficiente de cach\u00e9s.<\/p><\/div><\/div>\n\t\t<\/div> \n\t<\/div> \n<\/div><\/div>\n\t\t<\/div> \n\t<\/div> \n<\/div><\/div><\/div><div id=\"k_row-grqE\" class=\"section container \" style=\"text-align:center; margin-bottom:0px; \"><div class=\"wpb_row vc_row-fluid\">\n\t<div class=\"vc_span12 wpb_column column_container col\">\n\t\t<div class=\"wpb_wrapper \">\n\t\t\t<img class=' '   src='https:\/\/www.edge-americas.com\/es\/wp-content\/uploads\/2015\/04\/Grafico-AV11.jpg' alt=''\/>\n\t\t<\/div> \n\t<\/div> \n<\/div><\/div><div id=\"k_row-RCg6\" class=\"section wpb_row vc_row-fluid \" style=\"text-align:center; margin-bottom:0px; background-color:#ffffff; \"><div class=\"inner\" style=\"\"><div class=\"container\">\n\t<div class=\"vc_span4 wpb_column column_container col\">\n\t\t<div class=\"wpb_wrapper  k-animate\" data-animation=\"fadeInLeft\" data-anim-target=\"self\" data-speed=\"800\" data-ease=\"easeInOutQuart\" data-delay=\"100\">\n\t\t\t<div id=\"k_row-pe\" class=\"section container \" style=\"text-align:; \"><div class=\"wpb_row vc_row-fluid\">\n\t<div class=\"vc_span12 wpb_column column_container col\">\n\t\t<div class=\"wpb_wrapper \">\n\t\t\t<div class=\"blurb texto-bullet-l\"><div class=\"icon-wrapper  \" style=\" margin-bottom:25px; text-align:left;#f9c80614px 15px \"><i style=\"color:#f7941d;\" class=\"fa fa-dashboard fa-2x\"><\/i><\/div><div class=\"inner\"><b>Alta disponibilidad<\/b>\n<p>Nuestras soluciones de delivery son a prueba de fallas, protegiendo a su website de sobrecargas.<\/p><\/div><\/div>\n\t\t<\/div> \n\t<\/div> \n<\/div><\/div>\n\t\t<\/div> \n\t<\/div> \n\n\t<div class=\"vc_span4 wpb_column column_container col\">\n\t\t<div class=\"wpb_wrapper \">\n\t\t\t<div id=\"k_row-Bs\" class=\"section container \" style=\"text-align:; \"><div class=\"wpb_row vc_row-fluid\">\n\t<div class=\"vc_span12 wpb_column column_container col\">\n\t\t<div class=\"wpb_wrapper \">\n\t\t\t<div class=\"blurb texto-bullet-l\"><div class=\"icon-wrapper  \" style=\" margin-bottom:25px; text-align:left;#f9c80614px 15px \"><i style=\"color:#f7941d;\" class=\"fa fa-bolt fa-2x\"><\/i><\/div><div class=\"inner\"><b>Velocidad<\/b>\n<p>Al acceder m\u00e1s r\u00e1pido a las p\u00e1ginas, su sitio obtiene mejor posicionamiento SEO y un n\u00famero mayor de impresiones.<\/p><\/div><\/div>\n\t\t<\/div> \n\t<\/div> \n<\/div><\/div>\n\t\t<\/div> \n\t<\/div> \n\n\t<div class=\"vc_span4 wpb_column column_container col\">\n\t\t<div class=\"wpb_wrapper  k-animate\" data-animation=\"fadeInRight\" data-anim-target=\"self\" data-speed=\"800\" data-ease=\"easeInOutQuart\" data-delay=\"100\">\n\t\t\t<div id=\"k_row-Ep\" class=\"section container \" style=\"text-align:; \"><div class=\"wpb_row vc_row-fluid\">\n\t<div class=\"vc_span12 wpb_column column_container col\">\n\t\t<div class=\"wpb_wrapper \">\n\t\t\t<div class=\"blurb texto-bullet-l\"><div class=\"icon-wrapper  \" style=\" margin-bottom:25px; text-align:left;#f9c80614px 15px \"><i style=\"color:#f7941d;\" class=\"fa fa-lock fa-2x\"><\/i><\/div><div class=\"inner\"><b>Seguridad<\/b>\n<p>Su sitio queda protegido por firewalls de amenazas online como spams de SQL e inyecciones de DOS.<\/p><\/div><\/div>\n\t\t<\/div> \n\t<\/div> \n<\/div><\/div>\n\t\t<\/div> \n\t<\/div> \n<\/div><\/div><\/div><div id=\"k_row-XWBO\" class=\"section full wpb_row vc_row-fluid \" style=\"margin-bottom:0px; background-color:#ffffff; \"><div class=\"inner\" style=\"\">\n\t<div class=\"vc_span12 wpb_column column_container col\">\n\t\t<div class=\"wpb_wrapper \">\n\t\t\t<div class=\"kioken_spacer hidden-xs hidden-sm\" style=\"height:60px;\"><\/div>\n\t\t<\/div> \n\t<\/div> \n<\/div><\/div><div id=\"k_row-JBrJ\" class=\"section full wpb_row vc_row-fluid \" style=\"margin-bottom:0px; background-color:#f0f1ec; \"><div class=\"inner\" style=\"\">\n\t<div class=\"vc_span12 wpb_column column_container col\">\n\t\t<div class=\"wpb_wrapper \">\n\t\t\t<div class=\"kioken_spacer hidden-xs hidden-sm\" style=\"height:60px;\"><\/div>\n\t\t<\/div> \n\t<\/div> \n<\/div><\/div><div id=\"k_row-VUgR\" class=\"section wpb_row vc_row-fluid \" style=\"text-align:center; margin-bottom:0px; background-color:#f0f1ec; \"><div class=\"inner\" style=\"\"><div class=\"container\">\n\t<div class=\"vc_span4 wpb_column column_container col\">\n\t\t<div class=\"wpb_wrapper \">\n\t\t\t\n\t\t<\/div> \n\t<\/div> \n\n\t<div class=\"vc_span4 wpb_column column_container col\">\n\t\t<div class=\"wpb_wrapper \">\n\t\t\t<h2 class='custom_title subtitulo  k-animate subtitulo default'  data-animation=\"zoomIn\" data-anim-target=\"self\" data-delay=\"100\" data-speed=\"800\" data-ease=\"easeInOutQuart\" style='color:#f7941d'>CASOS DE ESTUDIO<\/h2>\n\t\t<\/div> \n\t<\/div> \n\n\t<div class=\"vc_span4 wpb_column column_container col\">\n\t\t<div class=\"wpb_wrapper \">\n\t\t\t\n\t\t<\/div> \n\t<\/div> \n<\/div><\/div><\/div><div id=\"k_row-bgSk\" class=\"section full wpb_row vc_row-fluid \" style=\"margin-bottom:0px; background-color:#f0f1ec; \"><div class=\"inner\" style=\"\">\n\t<div class=\"vc_span12 wpb_column column_container col\">\n\t\t<div class=\"wpb_wrapper \">\n\t\t\t<div class=\"kioken_spacer hidden-xs hidden-sm\" style=\"height:60px;\"><\/div>\n\t\t<\/div> \n\t<\/div> \n<\/div><\/div><div id=\"k_row-P9Lg\" class=\"section wpb_row vc_row-fluid \" style=\"text-align:center; margin-bottom:0px; background-color:#f0f1ec; \"><div class=\"inner\" style=\"\"><div class=\"container\">\n\t<div class=\"vc_span4 wpb_column column_container col\">\n\t\t<div class=\"wpb_wrapper \">\n\t\t\t<img class=' '   src='https:\/\/www.edge-americas.com\/es\/wp-content\/uploads\/2015\/04\/casos-river1.jpg' alt=''\/><div class=\"kioken_spacer hidden-xs hidden-sm\" style=\"height:40px;\"><\/div><h2 class='custom_title casos-titulo   casos-titulo letterspaced_caps'   style='color:#5c5e59'>CLUB ATLETICO RIVER PLATE<\/h2><div class=\"kioken_spacer hidden-xs hidden-sm\" style=\"height:20px;\"><\/div><a class=\"vc_btn vc_btn_orange vc_btn_sm vc_btn_rounded boton\" href=\"http:\/\/www.cariverplate.com.ar\" title=\"\" target=\" _blank\">\n    VIEW<\/a>\n\n\n\t\t<\/div> \n\t<\/div> \n\n\t<div class=\"vc_span4 wpb_column column_container col\">\n\t\t<div class=\"wpb_wrapper \">\n\t\t\t<img class=' '   src='https:\/\/www.edge-americas.com\/es\/wp-content\/uploads\/2015\/04\/casos-arcor1.jpg' alt=''\/><div class=\"kioken_spacer hidden-xs hidden-sm\" style=\"height:40px;\"><\/div><h2 class='custom_title casos-titulo   casos-titulo letterspaced_caps'   style='color:#5c5e59'>ARCOR<\/h2><div class=\"kioken_spacer hidden-xs hidden-sm\" style=\"height:20px;\"><\/div><a class=\"vc_btn vc_btn_orange vc_btn_sm vc_btn_rounded boton\" href=\"http:\/\/www.arcor.com\" title=\"\" target=\" _blank\">\n    VIEW<\/a>\n\n\n\t\t<\/div> \n\t<\/div> \n\n\t<div class=\"vc_span4 wpb_column column_container col\">\n\t\t<div class=\"wpb_wrapper \">\n\t\t\t<img class=' '   src='https:\/\/www.edge-americas.com\/es\/wp-content\/uploads\/2015\/04\/casos-peugeot1.jpg' alt=''\/><div class=\"kioken_spacer hidden-xs hidden-sm\" style=\"height:40px;\"><\/div><h2 class='custom_title casos-titulo   casos-titulo letterspaced_caps'   style='color:#5c5e59'>PEUGEOT<\/h2><div class=\"kioken_spacer hidden-xs hidden-sm\" style=\"height:20px;\"><\/div><a class=\"vc_btn vc_btn_orange vc_btn_sm vc_btn_rounded boton\" href=\"http:\/\/www.peugeot.com.ar\" title=\"\" target=\" _blank\">\n    VIEW<\/a>\n\n\n\t\t<\/div> \n\t<\/div> \n<\/div><\/div><\/div><div id=\"k_row-NDT3\" class=\"section full wpb_row vc_row-fluid \" style=\"margin-bottom:0px; background-color:#f0f1ec; \"><div class=\"inner\" style=\"\">\n\t<div class=\"vc_span12 wpb_column column_container col\">\n\t\t<div class=\"wpb_wrapper \">\n\t\t\t<div class=\"kioken_spacer hidden-xs hidden-sm\" style=\"height:60px;\"><\/div>\n\t\t<\/div> \n\t<\/div> \n<\/div><\/div><div id=\"k_row-Jjhl\" class=\"section full wpb_row vc_row-fluid \" style=\"margin-bottom:0px; background-color:#e1e2dc; \"><div class=\"inner\" style=\"\">\n\t<div class=\"vc_span12 wpb_column column_container col\">\n\t\t<div class=\"wpb_wrapper \">\n\t\t\t<div class=\"kioken_spacer hidden-xs hidden-sm\" style=\"height:60px;\"><\/div>\n\t\t<\/div> \n\t<\/div> \n<\/div><\/div><div id=\"k_row-MWKJ\" class=\"section wpb_row vc_row-fluid \" style=\"text-align:center; margin-bottom:0px; background-color:#e1e2dc; \"><div class=\"inner\" style=\"\"><div class=\"container\">\n\t<div class=\"vc_span12 wpb_column column_container col\">\n\t\t<div class=\"wpb_wrapper \">\n\t\t\t<h2 class='custom_title subtitulo-3  k-animate subtitulo-3 letterspaced_caps'  data-animation=\"zoomIn\" data-anim-target=\"self\" data-delay=\"100\" data-speed=\"800\" data-ease=\"easeInOutQuart\" style='color:#f7941d'>OUR PROJECTS<\/h2>\n\t\t<\/div> \n\t<\/div> \n<\/div><\/div><\/div><div id=\"k_row-TmxD\" class=\"section wpb_row vc_row-fluid \" style=\"text-align:center; margin-bottom:0px; background-color:#e1e2dc; \"><div class=\"inner\" style=\"\"><div class=\"container\">\n\t<div class=\"vc_span12 wpb_column column_container col\">\n\t\t<div class=\"wpb_wrapper \">\n\t\t\t<img class=' '   src='https:\/\/www.edge-americas.com\/es\/wp-content\/uploads\/2015\/04\/Clientes-Media1.jpg' alt=''\/>\n\t\t<\/div> \n\t<\/div> \n<\/div><\/div><\/div><div id=\"k_row-YZnT\" class=\"section full wpb_row vc_row-fluid \" style=\"margin-bottom:0px; background-color:#e1e2dc; \"><div class=\"inner\" style=\"\">\n\t<div class=\"vc_span12 wpb_column column_container col\">\n\t\t<div class=\"wpb_wrapper \">\n\t\t\t<div class=\"kioken_spacer hidden-xs hidden-sm\" style=\"height:40px;\"><\/div>\n\t\t<\/div> \n\t<\/div> \n<\/div><\/div><div id=\"k_row-TDL5\" class=\"section wpb_row vc_row-fluid \" style=\"margin-bottom:0px; background-color:#f7941d; \"><div class=\"inner\" style=\"\"><div class=\"container\">\n\t<div class=\"vc_span12 wpb_column column_container col\">\n\t\t<div class=\"wpb_wrapper \">\n\t\t\t<div class=\"kioken_spacer hidden-xs hidden-sm\" style=\"height:60px;\"><\/div>\n\t\t<\/div> \n\t<\/div> \n<\/div><\/div><\/div><div id=\"k_row-TDqJ\" class=\"section wpb_row vc_row-fluid \" style=\"text-align:center; margin-bottom:0px; background-color:#f7941d; \"><div class=\"inner\" style=\"\"><div class=\"container\">\n\t<div class=\"vc_span12 wpb_column column_container col\">\n\t\t<div class=\"wpb_wrapper \">\n\t\t\t<h2 class='custom_title subtitulo-3  k-animate subtitulo-3 letterspaced_caps'  data-animation=\"zoomIn\" data-anim-target=\"self\" data-delay=\"100\" data-speed=\"800\" data-ease=\"easeInOutQuart\" style='color:#323717'>PARTNERS<\/h2>\n\t\t<\/div> \n\t<\/div> \n<\/div><\/div><\/div><div id=\"k_row-NbZA\" class=\"section wpb_row vc_row-fluid \" style=\"text-align:center; margin-bottom:0px; background-color:#f7941d; \"><div class=\"inner\" style=\"\"><div class=\"container\">\n\t<div class=\"vc_span12 wpb_column column_container col\">\n\t\t<div class=\"wpb_wrapper \">\n\t\t\t<img class=' '   src='https:\/\/www.edge-americas.com\/es\/wp-content\/uploads\/2015\/04\/Partners-Avail2.jpg' alt=''\/>\n\t\t<\/div> \n\t<\/div> \n<\/div><\/div><\/div><div id=\"k_row-OSEy\" class=\"section wpb_row vc_row-fluid \" style=\"margin-bottom:0px; background-color:#f7941d; \"><div class=\"inner\" style=\"\"><div class=\"container\">\n\t<div class=\"vc_span12 wpb_column column_container col\">\n\t\t<div class=\"wpb_wrapper \">\n\t\t\t<div class=\"kioken_spacer hidden-xs hidden-sm\" style=\"height:60px;\"><\/div>\n\t\t<\/div> \n\t<\/div> \n<\/div><\/div><\/div>\n","protected":false},"excerpt":{"rendered":"SIEMPRE CONECTADO Edge Americas provee soluciones de alta calidad en la nube para optimizar la performance de aplicaciones online cr\u00edticas y asegurar la disponibilidad de sitios web de alto tr\u00e1fico. Edge ha desarrollado una red amplia de servidores para la distribuci\u00f3n inteligente de contenidos a trav\u00e9s de Internet que se integra naturalmente con otras CDNs. [...]","protected":false},"author":1,"featured_media":0,"parent":0,"menu_order":0,"comment_status":"open","ping_status":"open","template":"","meta":[],"_links":{"self":[{"href":"https:\/\/www.edge-americas.com\/es\/wp-json\/wp\/v2\/pages\/3047"}],"collection":[{"href":"https:\/\/www.edge-americas.com\/es\/wp-json\/wp\/v2\/pages"}],"about":[{"href":"https:\/\/www.edge-americas.com\/es\/wp-json\/wp\/v2\/types\/page"}],"author":[{"embeddable":true,"href":"https:\/\/www.edge-americas.com\/es\/wp-json\/wp\/v2\/users\/1"}],"replies":[{"embeddable":true,"href":"https:\/\/www.edge-americas.com\/es\/wp-json\/wp\/v2\/comments?post=3047"}],"version-history":[{"count":3,"href":"https:\/\/www.edge-americas.com\/es\/wp-json\/wp\/v2\/pages\/3047\/revisions"}],"predecessor-version":[{"id":3085,"href":"https:\/\/www.edge-americas.com\/es\/wp-json\/wp\/v2\/pages\/3047\/revisions\/3085"}],"wp:attachment":[{"href":"https:\/\/www.edge-americas.com\/es\/wp-json\/wp\/v2\/media?parent=3047"}],"curies":[{"name":"wp","href":"https:\/\/api.w.org\/{rel}","templated":true}]}}