{"id":3048,"date":"2015-04-07T15:13:28","date_gmt":"2015-04-07T15:13:28","guid":{"rendered":"https:\/\/www.edge-americas.com\/en\/?page_id=24"},"modified":"2021-04-05T15:13:56","modified_gmt":"2021-04-05T18:13:56","slug":"contact-2","status":"publish","type":"page","link":"https:\/\/www.edge-americas.com\/es\/contact-2\/","title":{"rendered":"Contact"},"content":{"rendered":"<div id=\"k_row-R4gI\" class=\"section full wpb_row vc_row-fluid \" style=\"margin-bottom:0px; \"><div class=\"inner\" style=\"\">\n\t<div class=\"vc_span12 wpb_column column_container col\">\n\t\t<div class=\"wpb_wrapper \">\n\t\t\t<div class=\"kioken_spacer hidden-xs hidden-sm\" style=\"height:60px;\"><\/div>\n\t\t<\/div> \n\t<\/div> \n<\/div><\/div><div id=\"k_row-tAzn\" class=\"section wpb_row vc_row-fluid \" style=\"margin-bottom:0px; \"><div class=\"inner\" style=\"\"><div class=\"container\">\n\t<div class=\"vc_span6 wpb_column column_container col\">\n\t\t<div class=\"wpb_wrapper \">\n\t\t\t<div id=\"k_row-QS\" class=\"section container \" style=\"text-align:; \"><div class=\"wpb_row vc_row-fluid\">\n\t<div class=\"vc_span10 wpb_column column_container col\">\n\t\t<div class=\"wpb_wrapper \">\n\t\t\t<h2 class='custom_title titulo   titulo letterspaced_caps'   style='color:#274a6b'>P\u00f3ngase en contacto con nosotros<\/h2><div class=\"kioken_spacer hidden-xs hidden-sm\" style=\"height:40px;\"><\/div><div role=\"form\" class=\"wpcf7\" id=\"wpcf7-f5-o1\" lang=\"en-US\" dir=\"ltr\">\n<div class=\"screen-reader-response\"><p role=\"status\" aria-live=\"polite\" aria-atomic=\"true\"><\/p> <ul><\/ul><\/div>\n<form action=\"\/es\/wp-json\/wp\/v2\/pages\/3048#wpcf7-f5-o1\" method=\"post\" class=\"wpcf7-form init\" novalidate=\"novalidate\" data-status=\"init\">\n<div style=\"display: none;\">\n<input type=\"hidden\" name=\"_wpcf7\" value=\"5\" \/>\n<input type=\"hidden\" name=\"_wpcf7_version\" value=\"5.4\" \/>\n<input type=\"hidden\" name=\"_wpcf7_locale\" value=\"en_US\" \/>\n<input type=\"hidden\" name=\"_wpcf7_unit_tag\" value=\"wpcf7-f5-o1\" \/>\n<input type=\"hidden\" name=\"_wpcf7_container_post\" value=\"0\" \/>\n<input type=\"hidden\" name=\"_wpcf7_posted_data_hash\" value=\"\" \/>\n<\/div>\n<p>Nombre y Apellido (requerido)<br \/>\n    <span class=\"wpcf7-form-control-wrap your-name\"><input type=\"text\" name=\"your-name\" value=\"\" size=\"40\" class=\"wpcf7-form-control wpcf7-text wpcf7-validates-as-required\" aria-required=\"true\" aria-invalid=\"false\" \/><\/span> <\/p>\n<p>Correo Electr\u00f3nico (requerido)<br \/>\n    <span class=\"wpcf7-form-control-wrap your-email\"><input type=\"email\" name=\"your-email\" value=\"\" size=\"40\" class=\"wpcf7-form-control wpcf7-text wpcf7-email wpcf7-validates-as-required wpcf7-validates-as-email\" aria-required=\"true\" aria-invalid=\"false\" \/><\/span> <\/p>\n<p>Asunto<br \/>\n    <span class=\"wpcf7-form-control-wrap your-subject\"><input type=\"text\" name=\"your-subject\" value=\"\" size=\"40\" class=\"wpcf7-form-control wpcf7-text\" aria-invalid=\"false\" \/><\/span> <\/p>\n<p>Mensaje<br \/>\n    <span class=\"wpcf7-form-control-wrap your-message\"><textarea name=\"your-message\" cols=\"40\" rows=\"10\" class=\"wpcf7-form-control wpcf7-textarea\" aria-invalid=\"false\"><\/textarea><\/span> <\/p>\n<p><input type=\"submit\" value=\"Enviar\" class=\"wpcf7-form-control wpcf7-submit\" \/><\/p>\n<div class=\"wpcf7-response-output\" aria-hidden=\"true\"><\/div><\/form><\/div>\n\t\t<\/div> \n\t<\/div> \n\n\t<div class=\"vc_span2 wpb_column column_container col\">\n\t\t<div class=\"wpb_wrapper \">\n\t\t\t\n\t\t<\/div> \n\t<\/div> \n<\/div><\/div>\n\t\t<\/div> \n\t<\/div> \n\n\t<div class=\"vc_span6 wpb_column column_container col\">\n\t\t<div class=\"wpb_wrapper \">\n\t\t\t<h2 class='custom_title titulo   titulo letterspaced_caps'   style='color:#274a6b'>Nuestras Oficinas<\/h2><div class=\"kioken_spacer hidden-xs hidden-sm\" style=\"height:40px;\"><\/div><div class=\"kioken_spacer hidden-xs hidden-sm\" style=\"height:30px;\"><\/div>\n\t<div class=\"wpb_text_column wpb_content_element \">\n\t\t<div class=\"wpb_wrapper\">\n\t\t\t<p><b>EDGE Argentina<\/b><\/p>\n<p>Paran\u00e1 1073 P4<\/p>\n<p>Ciudad Aut\u00f3noma de Buenos Aires, C1018ADA<br \/>\nARG &#8211; Ph. +54 11 5263 8900<\/p>\n<p>US &#8211; Ph\u00a0+1 313 209 6397<\/p>\n\n\t\t<\/div> \n\t<\/div> \n\t\t<\/div> \n\t<\/div> \n<\/div><\/div><\/div><div id=\"k_row-lmgo\" class=\"section full wpb_row vc_row-fluid \" style=\"margin-bottom:0px; \"><div class=\"inner\" style=\"\">\n\t<div class=\"vc_span12 wpb_column column_container col\">\n\t\t<div class=\"wpb_wrapper \">\n\t\t\t<div class=\"kioken_spacer hidden-xs hidden-sm\" style=\"height:60px;\"><\/div>\n\t\t<\/div> \n\t<\/div> \n<\/div><\/div>\n","protected":false},"excerpt":{"rendered":"P\u00f3ngase en contacto con nosotros Nombre y Apellido (requerido) Correo Electr\u00f3nico (requerido) Asunto Mensaje Nuestras Oficinas EDGE Argentina Paran\u00e1 1073 P4 Ciudad Aut\u00f3noma de Buenos Aires, C1018ADA ARG - Ph. +54 11 5263 8900 US - Ph\u00a0+1 313 209 6397","protected":false},"author":1,"featured_media":0,"parent":0,"menu_order":0,"comment_status":"open","ping_status":"open","template":"","meta":[],"_links":{"self":[{"href":"https:\/\/www.edge-americas.com\/es\/wp-json\/wp\/v2\/pages\/3048"}],"collection":[{"href":"https:\/\/www.edge-americas.com\/es\/wp-json\/wp\/v2\/pages"}],"about":[{"href":"https:\/\/www.edge-americas.com\/es\/wp-json\/wp\/v2\/types\/page"}],"author":[{"embeddable":true,"href":"https:\/\/www.edge-americas.com\/es\/wp-json\/wp\/v2\/users\/1"}],"replies":[{"embeddable":true,"href":"https:\/\/www.edge-americas.com\/es\/wp-json\/wp\/v2\/comments?post=3048"}],"version-history":[{"count":8,"href":"https:\/\/www.edge-americas.com\/es\/wp-json\/wp\/v2\/pages\/3048\/revisions"}],"predecessor-version":[{"id":3164,"href":"https:\/\/www.edge-americas.com\/es\/wp-json\/wp\/v2\/pages\/3048\/revisions\/3164"}],"wp:attachment":[{"href":"https:\/\/www.edge-americas.com\/es\/wp-json\/wp\/v2\/media?parent=3048"}],"curies":[{"name":"wp","href":"https:\/\/api.w.org\/{rel}","templated":true}]}}